{"id":220,"date":"2025-05-17T10:15:20","date_gmt":"2025-05-17T10:15:20","guid":{"rendered":"https:\/\/erpabaza.com\/?post_type=product&#038;p=220"},"modified":"2025-05-17T12:34:58","modified_gmt":"2025-05-17T12:34:58","slug":"sivi-gecirmez-alez","status":"publish","type":"product","link":"https:\/\/erpabaza.com\/?product=sivi-gecirmez-alez","title":{"rendered":"S\u0131v\u0131 Ge\u00e7irmez Alez"},"content":{"rendered":"","protected":false},"excerpt":{"rendered":"<p><strong>\u00dcr\u00fcn Detaylar\u0131<\/strong><\/p>\n<p>* \u00dcst y\u00fczeyi pamuklu (havlu kuma\u015f) alt k\u0131sm\u0131 ise s\u0131v\u0131 ge\u00e7irmeyen \u00f6zel bir malzeme ile kaplanm\u0131\u015ft\u0131r<br \/>\n* Y\u00fcksek hava ge\u00e7irgenli\u011fine sahiptir. Ses yapmaz, terletmez.<br \/>\n* D\u00f6rt k\u00f6\u015fe noktas\u0131ndaki lastikler sayesinde yata\u011fa rahat\u00e7a tak\u0131l\u0131p \u00e7\u0131kart\u0131l\u0131r.<\/p>\n","protected":false},"featured_media":407,"template":"","meta":[],"product_brand":[],"product_cat":[21],"product_tag":[],"class_list":{"0":"post-220","1":"product","2":"type-product","3":"status-publish","4":"has-post-thumbnail","6":"product_cat-yatak-puflari-yastik-alez","8":"first","9":"instock","10":"shipping-taxable","11":"product-type-simple"},"_links":{"self":[{"href":"https:\/\/erpabaza.com\/index.php?rest_route=\/wp\/v2\/product\/220","targetHints":{"allow":["GET"]}}],"collection":[{"href":"https:\/\/erpabaza.com\/index.php?rest_route=\/wp\/v2\/product"}],"about":[{"href":"https:\/\/erpabaza.com\/index.php?rest_route=\/wp\/v2\/types\/product"}],"wp:featuredmedia":[{"embeddable":true,"href":"https:\/\/erpabaza.com\/index.php?rest_route=\/wp\/v2\/media\/407"}],"wp:attachment":[{"href":"https:\/\/erpabaza.com\/index.php?rest_route=%2Fwp%2Fv2%2Fmedia&parent=220"}],"wp:term":[{"taxonomy":"product_brand","embeddable":true,"href":"https:\/\/erpabaza.com\/index.php?rest_route=%2Fwp%2Fv2%2Fproduct_brand&post=220"},{"taxonomy":"product_cat","embeddable":true,"href":"https:\/\/erpabaza.com\/index.php?rest_route=%2Fwp%2Fv2%2Fproduct_cat&post=220"},{"taxonomy":"product_tag","embeddable":true,"href":"https:\/\/erpabaza.com\/index.php?rest_route=%2Fwp%2Fv2%2Fproduct_tag&post=220"}],"curies":[{"name":"wp","href":"https:\/\/api.w.org\/{rel}","templated":true}]}}