{"id":219,"date":"2025-05-17T10:15:19","date_gmt":"2025-05-17T10:15:19","guid":{"rendered":"https:\/\/erpabaza.com\/?post_type=product&#038;p=219"},"modified":"2025-05-17T12:34:07","modified_gmt":"2025-05-17T12:34:07","slug":"silikon-yastik","status":"publish","type":"product","link":"https:\/\/erpabaza.com\/?product=silikon-yastik","title":{"rendered":"Silikon Yast\u0131k"},"content":{"rendered":"","protected":false},"excerpt":{"rendered":"<p><strong>\u00dcr\u00fcn Detaylar\u0131<\/strong><\/p>\n<p>Y\u00fcksek dolgulu ortopedik yast\u0131k ile daha rahat<br \/>\nuyuyacaks\u0131n\u0131z. Antibakteriyel \u00f6zelli\u011fi ile hijyenik<br \/>\nuyku sa\u011flar. Antibakteriyel \u00fcr\u00fcnd\u00fcr. 700 gr slikon<br \/>\ndolgudan olu\u015fur. Ortopedikdir. Y\u0131kanabilir<br \/>\n\u00fcr\u00fcnd\u00fcr. (max 40 C)Kuru temizleme yap\u0131lmaz.<br \/>\nKurutma makinas\u0131nda kurutulmaz. \u00dct\u00fc yap\u0131lmaz<\/p>\n","protected":false},"featured_media":405,"template":"","meta":[],"product_brand":[],"product_cat":[21],"product_tag":[],"class_list":{"0":"post-219","1":"product","2":"type-product","3":"status-publish","4":"has-post-thumbnail","6":"product_cat-yatak-puflari-yastik-alez","8":"first","9":"instock","10":"shipping-taxable","11":"product-type-simple"},"_links":{"self":[{"href":"https:\/\/erpabaza.com\/index.php?rest_route=\/wp\/v2\/product\/219","targetHints":{"allow":["GET"]}}],"collection":[{"href":"https:\/\/erpabaza.com\/index.php?rest_route=\/wp\/v2\/product"}],"about":[{"href":"https:\/\/erpabaza.com\/index.php?rest_route=\/wp\/v2\/types\/product"}],"wp:featuredmedia":[{"embeddable":true,"href":"https:\/\/erpabaza.com\/index.php?rest_route=\/wp\/v2\/media\/405"}],"wp:attachment":[{"href":"https:\/\/erpabaza.com\/index.php?rest_route=%2Fwp%2Fv2%2Fmedia&parent=219"}],"wp:term":[{"taxonomy":"product_brand","embeddable":true,"href":"https:\/\/erpabaza.com\/index.php?rest_route=%2Fwp%2Fv2%2Fproduct_brand&post=219"},{"taxonomy":"product_cat","embeddable":true,"href":"https:\/\/erpabaza.com\/index.php?rest_route=%2Fwp%2Fv2%2Fproduct_cat&post=219"},{"taxonomy":"product_tag","embeddable":true,"href":"https:\/\/erpabaza.com\/index.php?rest_route=%2Fwp%2Fv2%2Fproduct_tag&post=219"}],"curies":[{"name":"wp","href":"https:\/\/api.w.org\/{rel}","templated":true}]}}