{"id":217,"date":"2025-05-17T10:14:44","date_gmt":"2025-05-17T10:14:44","guid":{"rendered":"https:\/\/erpabaza.com\/?post_type=product&#038;p=217"},"modified":"2025-05-17T12:33:47","modified_gmt":"2025-05-17T12:33:47","slug":"ortopedik-visco-yastik","status":"publish","type":"product","link":"https:\/\/erpabaza.com\/?product=ortopedik-visco-yastik","title":{"rendered":"Ortopedik Visco Yast\u0131k"},"content":{"rendered":"","protected":false},"excerpt":{"rendered":"<p><strong>\u00dcr\u00fcn Detaylar\u0131<\/strong><\/p>\n<p>Visko Elastik \u201cAk\u0131ll\u0131 S\u00fcnger\u201d teknolojisi ile \u00fcretilen<br \/>\nboyun destekli visko yast\u0131k \u0131s\u0131 ve bas\u0131nca g\u00f6re<br \/>\nhareket eder. \u00d6zel dizayn\u0131 sayesinde boyun ve<br \/>\nomuz kaslar\u0131n\u0131z\u0131 destekler. Uyku s\u00fcresi boyunca<br \/>\nomurgan\u0131z\u0131n do\u011fal e\u011frisini koruyarak ekstra<br \/>\nkonfor sa\u011flar.<\/p>\n","protected":false},"featured_media":404,"template":"","meta":[],"product_brand":[],"product_cat":[21],"product_tag":[],"class_list":{"0":"post-217","1":"product","2":"type-product","3":"status-publish","4":"has-post-thumbnail","6":"product_cat-yatak-puflari-yastik-alez","8":"first","9":"instock","10":"shipping-taxable","11":"product-type-simple"},"_links":{"self":[{"href":"https:\/\/erpabaza.com\/index.php?rest_route=\/wp\/v2\/product\/217","targetHints":{"allow":["GET"]}}],"collection":[{"href":"https:\/\/erpabaza.com\/index.php?rest_route=\/wp\/v2\/product"}],"about":[{"href":"https:\/\/erpabaza.com\/index.php?rest_route=\/wp\/v2\/types\/product"}],"wp:featuredmedia":[{"embeddable":true,"href":"https:\/\/erpabaza.com\/index.php?rest_route=\/wp\/v2\/media\/404"}],"wp:attachment":[{"href":"https:\/\/erpabaza.com\/index.php?rest_route=%2Fwp%2Fv2%2Fmedia&parent=217"}],"wp:term":[{"taxonomy":"product_brand","embeddable":true,"href":"https:\/\/erpabaza.com\/index.php?rest_route=%2Fwp%2Fv2%2Fproduct_brand&post=217"},{"taxonomy":"product_cat","embeddable":true,"href":"https:\/\/erpabaza.com\/index.php?rest_route=%2Fwp%2Fv2%2Fproduct_cat&post=217"},{"taxonomy":"product_tag","embeddable":true,"href":"https:\/\/erpabaza.com\/index.php?rest_route=%2Fwp%2Fv2%2Fproduct_tag&post=217"}],"curies":[{"name":"wp","href":"https:\/\/api.w.org\/{rel}","templated":true}]}}