{"id":214,"date":"2025-05-17T10:14:03","date_gmt":"2025-05-17T10:14:03","guid":{"rendered":"https:\/\/erpabaza.com\/?post_type=product&#038;p=214"},"modified":"2025-05-17T12:32:38","modified_gmt":"2025-05-17T12:32:38","slug":"kapitone-dikdortgen-puf","status":"publish","type":"product","link":"https:\/\/erpabaza.com\/?product=kapitone-dikdortgen-puf","title":{"rendered":"Kapitone Dikd\u00f6rtgen Puf"},"content":{"rendered":"","protected":false},"excerpt":{"rendered":"<p><strong>\u00dcr\u00fcn Detaylar\u0131<\/strong><\/p>\n<p>* Birinci s\u0131n\u0131f i\u015f\u00e7ilik kullan\u0131lm\u0131\u015ft\u0131r.<br \/>\n* \u0130stenilen her \u00f6l\u00e7\u00fc ve ebatta yap\u0131labilir.<br \/>\n* \u0130ste\u011fe g\u00f6re sand\u0131kl\u0131 ya da sand\u0131ks\u0131z yap\u0131labilir.<br \/>\n* Zengin Deri ve Kuma\u015f alternatif mevcuttur.<br \/>\n* Ergonomik bir g\u00f6r\u00fcn\u00fcme sahiptir.<br \/>\n* Siz hayal edin biz ger\u00e7ekle\u015ftirelim\u2026<\/p>\n","protected":false},"featured_media":401,"template":"","meta":[],"product_brand":[],"product_cat":[21],"product_tag":[],"class_list":{"0":"post-214","1":"product","2":"type-product","3":"status-publish","4":"has-post-thumbnail","6":"product_cat-yatak-puflari-yastik-alez","8":"first","9":"instock","10":"shipping-taxable","11":"product-type-simple"},"_links":{"self":[{"href":"https:\/\/erpabaza.com\/index.php?rest_route=\/wp\/v2\/product\/214","targetHints":{"allow":["GET"]}}],"collection":[{"href":"https:\/\/erpabaza.com\/index.php?rest_route=\/wp\/v2\/product"}],"about":[{"href":"https:\/\/erpabaza.com\/index.php?rest_route=\/wp\/v2\/types\/product"}],"wp:featuredmedia":[{"embeddable":true,"href":"https:\/\/erpabaza.com\/index.php?rest_route=\/wp\/v2\/media\/401"}],"wp:attachment":[{"href":"https:\/\/erpabaza.com\/index.php?rest_route=%2Fwp%2Fv2%2Fmedia&parent=214"}],"wp:term":[{"taxonomy":"product_brand","embeddable":true,"href":"https:\/\/erpabaza.com\/index.php?rest_route=%2Fwp%2Fv2%2Fproduct_brand&post=214"},{"taxonomy":"product_cat","embeddable":true,"href":"https:\/\/erpabaza.com\/index.php?rest_route=%2Fwp%2Fv2%2Fproduct_cat&post=214"},{"taxonomy":"product_tag","embeddable":true,"href":"https:\/\/erpabaza.com\/index.php?rest_route=%2Fwp%2Fv2%2Fproduct_tag&post=214"}],"curies":[{"name":"wp","href":"https:\/\/api.w.org\/{rel}","templated":true}]}}