{"id":213,"date":"2025-05-17T10:13:38","date_gmt":"2025-05-17T10:13:38","guid":{"rendered":"https:\/\/erpabaza.com\/?post_type=product&#038;p=213"},"modified":"2025-05-17T12:31:16","modified_gmt":"2025-05-17T12:31:16","slug":"alez","status":"publish","type":"product","link":"https:\/\/erpabaza.com\/?product=alez","title":{"rendered":"Alez"},"content":{"rendered":"","protected":false},"excerpt":{"rendered":"<p><strong>\u00dcr\u00fcn Detaylar\u0131<\/strong><\/p>\n<p>* \u00c7ift y\u00fczeyli, alt ve \u00fcst y\u00fczeyler % 100 pamuklu kuma\u015ft\u0131r.<br \/>\n* Ara dolgu malzemesi elyaf ile kapitonedir.<br \/>\n* D\u00f6rt k\u00f6\u015fe noktas\u0131ndaki lastikler sayesinde yata\u011fa<br \/>\nrahat\u00e7a tak\u0131l\u0131p \u00e7\u0131kart\u0131l\u0131r.<\/p>\n","protected":false},"featured_media":400,"template":"","meta":[],"product_brand":[],"product_cat":[21],"product_tag":[],"class_list":{"0":"post-213","1":"product","2":"type-product","3":"status-publish","4":"has-post-thumbnail","6":"product_cat-yatak-puflari-yastik-alez","8":"first","9":"instock","10":"shipping-taxable","11":"product-type-simple"},"_links":{"self":[{"href":"https:\/\/erpabaza.com\/index.php?rest_route=\/wp\/v2\/product\/213","targetHints":{"allow":["GET"]}}],"collection":[{"href":"https:\/\/erpabaza.com\/index.php?rest_route=\/wp\/v2\/product"}],"about":[{"href":"https:\/\/erpabaza.com\/index.php?rest_route=\/wp\/v2\/types\/product"}],"wp:featuredmedia":[{"embeddable":true,"href":"https:\/\/erpabaza.com\/index.php?rest_route=\/wp\/v2\/media\/400"}],"wp:attachment":[{"href":"https:\/\/erpabaza.com\/index.php?rest_route=%2Fwp%2Fv2%2Fmedia&parent=213"}],"wp:term":[{"taxonomy":"product_brand","embeddable":true,"href":"https:\/\/erpabaza.com\/index.php?rest_route=%2Fwp%2Fv2%2Fproduct_brand&post=213"},{"taxonomy":"product_cat","embeddable":true,"href":"https:\/\/erpabaza.com\/index.php?rest_route=%2Fwp%2Fv2%2Fproduct_cat&post=213"},{"taxonomy":"product_tag","embeddable":true,"href":"https:\/\/erpabaza.com\/index.php?rest_route=%2Fwp%2Fv2%2Fproduct_tag&post=213"}],"curies":[{"name":"wp","href":"https:\/\/api.w.org\/{rel}","templated":true}]}}