{"id":212,"date":"2025-05-17T10:13:13","date_gmt":"2025-05-17T10:13:13","guid":{"rendered":"https:\/\/erpabaza.com\/?post_type=product&#038;p=212"},"modified":"2025-05-17T12:29:21","modified_gmt":"2025-05-17T12:29:21","slug":"santiye-ranzasi","status":"publish","type":"product","link":"https:\/\/erpabaza.com\/?product=santiye-ranzasi","title":{"rendered":"\u015eantiye Ranzas\u0131"},"content":{"rendered":"","protected":false},"excerpt":{"rendered":"<p><strong>\u00dcr\u00fcn Detaylar\u0131<\/strong><\/p>\n<p>* Firmam\u0131z, \u015fantiye ranzalar\u0131n\u0131 dayan\u0131kl\u0131 ve uzun \u00f6m\u00fcrl\u00fc bir bi\u00e7imde<br \/>\nbirinci s\u0131n\u0131f malzeme ile tasarlanm\u0131\u015ft\u0131r.<br \/>\n* Tasar\u0131m olarak \u00e7ok \u015f\u0131k ve kullan\u0131\u015fl\u0131 olan \u015fantiye ranzalar\u0131<br \/>\nprofesyonel ekibimiz taraf\u0131ndan b\u00fct\u00fcn kontrolleri yap\u0131ld\u0131ktan<br \/>\nsonra sizlere g\u00fcvenli bir \u015fekilde teslim edilir.<\/p>\n","protected":false},"featured_media":397,"template":"","meta":[],"product_brand":[],"product_cat":[22],"product_tag":[],"class_list":{"0":"post-212","1":"product","2":"type-product","3":"status-publish","4":"has-post-thumbnail","6":"product_cat-metal-somyalar","8":"first","9":"instock","10":"shipping-taxable","11":"product-type-simple"},"_links":{"self":[{"href":"https:\/\/erpabaza.com\/index.php?rest_route=\/wp\/v2\/product\/212","targetHints":{"allow":["GET"]}}],"collection":[{"href":"https:\/\/erpabaza.com\/index.php?rest_route=\/wp\/v2\/product"}],"about":[{"href":"https:\/\/erpabaza.com\/index.php?rest_route=\/wp\/v2\/types\/product"}],"wp:featuredmedia":[{"embeddable":true,"href":"https:\/\/erpabaza.com\/index.php?rest_route=\/wp\/v2\/media\/397"}],"wp:attachment":[{"href":"https:\/\/erpabaza.com\/index.php?rest_route=%2Fwp%2Fv2%2Fmedia&parent=212"}],"wp:term":[{"taxonomy":"product_brand","embeddable":true,"href":"https:\/\/erpabaza.com\/index.php?rest_route=%2Fwp%2Fv2%2Fproduct_brand&post=212"},{"taxonomy":"product_cat","embeddable":true,"href":"https:\/\/erpabaza.com\/index.php?rest_route=%2Fwp%2Fv2%2Fproduct_cat&post=212"},{"taxonomy":"product_tag","embeddable":true,"href":"https:\/\/erpabaza.com\/index.php?rest_route=%2Fwp%2Fv2%2Fproduct_tag&post=212"}],"curies":[{"name":"wp","href":"https:\/\/api.w.org\/{rel}","templated":true}]}}