{"id":211,"date":"2025-05-17T10:12:37","date_gmt":"2025-05-17T10:12:37","guid":{"rendered":"https:\/\/erpabaza.com\/?post_type=product&#038;p=211"},"modified":"2025-05-17T12:28:16","modified_gmt":"2025-05-17T12:28:16","slug":"metal-karyola","status":"publish","type":"product","link":"https:\/\/erpabaza.com\/?product=metal-karyola","title":{"rendered":"Metal Karyola"},"content":{"rendered":"","protected":false},"excerpt":{"rendered":"<p><strong>\u00dcr\u00fcn Detaylar\u0131<\/strong><\/p>\n<p>* Ana g\u00f6vdesi \u00e7elik profilden yap\u0131lm\u0131\u015ft\u0131r.<br \/>\n* Elektro Statik Toz Boya<br \/>\n* \u0130stenilen her \u00f6l\u00e7\u00fc ve ebatta yap\u0131labilir.<br \/>\n* Ergonomik bir g\u00f6r\u00fcn\u00fcme sahiptir.<br \/>\n* Somya k\u0131sm\u0131nda ki latalar G\u00fcrgen a\u011fac\u0131ndan 300 derece<br \/>\ns\u0131cakl\u0131k ile \u00fcretilmi\u015ftir.<br \/>\n* Latalar 6 cm geni\u015fli\u011fin 1,5 cm kal\u0131nl\u0131\u011f\u0131ndad\u0131r.<br \/>\n* Latalar\u0131n a\u011f\u0131rl\u0131klar\u0131 dengeli bir \u015fekilde da\u011f\u0131tmas\u0131ndan dolay\u0131<br \/>\nyata\u011f\u0131n\u0131z\u0131n rahatl\u0131\u011f\u0131 artarken kullan\u0131m \u00f6mr\u00fcde uzar.<\/p>\n","protected":false},"featured_media":394,"template":"","meta":[],"product_brand":[],"product_cat":[22],"product_tag":[],"class_list":{"0":"post-211","1":"product","2":"type-product","3":"status-publish","4":"has-post-thumbnail","6":"product_cat-metal-somyalar","8":"first","9":"instock","10":"shipping-taxable","11":"product-type-simple"},"_links":{"self":[{"href":"https:\/\/erpabaza.com\/index.php?rest_route=\/wp\/v2\/product\/211","targetHints":{"allow":["GET"]}}],"collection":[{"href":"https:\/\/erpabaza.com\/index.php?rest_route=\/wp\/v2\/product"}],"about":[{"href":"https:\/\/erpabaza.com\/index.php?rest_route=\/wp\/v2\/types\/product"}],"wp:featuredmedia":[{"embeddable":true,"href":"https:\/\/erpabaza.com\/index.php?rest_route=\/wp\/v2\/media\/394"}],"wp:attachment":[{"href":"https:\/\/erpabaza.com\/index.php?rest_route=%2Fwp%2Fv2%2Fmedia&parent=211"}],"wp:term":[{"taxonomy":"product_brand","embeddable":true,"href":"https:\/\/erpabaza.com\/index.php?rest_route=%2Fwp%2Fv2%2Fproduct_brand&post=211"},{"taxonomy":"product_cat","embeddable":true,"href":"https:\/\/erpabaza.com\/index.php?rest_route=%2Fwp%2Fv2%2Fproduct_cat&post=211"},{"taxonomy":"product_tag","embeddable":true,"href":"https:\/\/erpabaza.com\/index.php?rest_route=%2Fwp%2Fv2%2Fproduct_tag&post=211"}],"curies":[{"name":"wp","href":"https:\/\/api.w.org\/{rel}","templated":true}]}}