{"id":210,"date":"2025-05-17T10:12:37","date_gmt":"2025-05-17T10:12:37","guid":{"rendered":"https:\/\/erpabaza.com\/?post_type=product&#038;p=210"},"modified":"2025-05-17T12:27:44","modified_gmt":"2025-05-17T12:27:44","slug":"lux-ranza","status":"publish","type":"product","link":"https:\/\/erpabaza.com\/?product=lux-ranza","title":{"rendered":"Lux Ranza"},"content":{"rendered":"","protected":false},"excerpt":{"rendered":"<p><strong>\u00dcr\u00fcn Detaylar\u0131<\/strong><\/p>\n<p>* \u00d6ncelikle \u00fcr\u00fcnlerimizde avrupa kalitesindeki 1. kalite malzemeler<br \/>\nkullan\u0131lmaktad\u0131r.<br \/>\n* \u00c7elik ge\u00e7meler sayesinde \u00fcr\u00fcn\u00fcm\u00fcz\u00fc k\u0131r\u0131lma endi\u015fesi ya\u015famadan<br \/>\ng\u00f6n\u00fcl rahatl\u0131\u011f\u0131 ile kullanabilirsiniz.<br \/>\n* En son teknoloji ile 200c de elektrostatik f\u0131r\u0131nl\u0131 toz boya ile<br \/>\nboyanmaktad\u0131r.<br \/>\n* \u00d6zel ambalaj\u0131nda ve demonte olarak teslim edilmektedir.<br \/>\n* Birbirinden ba\u011f\u0131ms\u0131z olarak 2 adet karyola olarak da<br \/>\nkullanabilirsiniz..<br \/>\n* \u0130stedi\u011finiz tasar\u0131mda ve \u00f6l\u00e7\u00fcde \u00fcr\u00fcn yap\u0131labilmektedir.<\/p>\n","protected":false},"featured_media":388,"template":"","meta":[],"product_brand":[],"product_cat":[22],"product_tag":[],"class_list":{"0":"post-210","1":"product","2":"type-product","3":"status-publish","4":"has-post-thumbnail","6":"product_cat-metal-somyalar","8":"first","9":"instock","10":"shipping-taxable","11":"product-type-simple"},"_links":{"self":[{"href":"https:\/\/erpabaza.com\/index.php?rest_route=\/wp\/v2\/product\/210","targetHints":{"allow":["GET"]}}],"collection":[{"href":"https:\/\/erpabaza.com\/index.php?rest_route=\/wp\/v2\/product"}],"about":[{"href":"https:\/\/erpabaza.com\/index.php?rest_route=\/wp\/v2\/types\/product"}],"wp:featuredmedia":[{"embeddable":true,"href":"https:\/\/erpabaza.com\/index.php?rest_route=\/wp\/v2\/media\/388"}],"wp:attachment":[{"href":"https:\/\/erpabaza.com\/index.php?rest_route=%2Fwp%2Fv2%2Fmedia&parent=210"}],"wp:term":[{"taxonomy":"product_brand","embeddable":true,"href":"https:\/\/erpabaza.com\/index.php?rest_route=%2Fwp%2Fv2%2Fproduct_brand&post=210"},{"taxonomy":"product_cat","embeddable":true,"href":"https:\/\/erpabaza.com\/index.php?rest_route=%2Fwp%2Fv2%2Fproduct_cat&post=210"},{"taxonomy":"product_tag","embeddable":true,"href":"https:\/\/erpabaza.com\/index.php?rest_route=%2Fwp%2Fv2%2Fproduct_tag&post=210"}],"curies":[{"name":"wp","href":"https:\/\/api.w.org\/{rel}","templated":true}]}}