{"id":207,"date":"2025-05-17T10:11:29","date_gmt":"2025-05-17T10:11:29","guid":{"rendered":"https:\/\/erpabaza.com\/?post_type=product&#038;p=207"},"modified":"2025-05-17T12:00:04","modified_gmt":"2025-05-17T12:00:04","slug":"star-tekli-baza-basligi","status":"publish","type":"product","link":"https:\/\/erpabaza.com\/?product=star-tekli-baza-basligi","title":{"rendered":"Star Tekli Baza Ba\u015fl\u0131\u011f\u0131"},"content":{"rendered":"","protected":false},"excerpt":{"rendered":"","protected":false},"featured_media":350,"template":"","meta":[],"product_brand":[],"product_cat":[23],"product_tag":[],"class_list":{"0":"post-207","1":"product","2":"type-product","3":"status-publish","4":"has-post-thumbnail","6":"product_cat-baslik-grubu","8":"first","9":"instock","10":"shipping-taxable","11":"product-type-simple"},"_links":{"self":[{"href":"https:\/\/erpabaza.com\/index.php?rest_route=\/wp\/v2\/product\/207","targetHints":{"allow":["GET"]}}],"collection":[{"href":"https:\/\/erpabaza.com\/index.php?rest_route=\/wp\/v2\/product"}],"about":[{"href":"https:\/\/erpabaza.com\/index.php?rest_route=\/wp\/v2\/types\/product"}],"wp:featuredmedia":[{"embeddable":true,"href":"https:\/\/erpabaza.com\/index.php?rest_route=\/wp\/v2\/media\/350"}],"wp:attachment":[{"href":"https:\/\/erpabaza.com\/index.php?rest_route=%2Fwp%2Fv2%2Fmedia&parent=207"}],"wp:term":[{"taxonomy":"product_brand","embeddable":true,"href":"https:\/\/erpabaza.com\/index.php?rest_route=%2Fwp%2Fv2%2Fproduct_brand&post=207"},{"taxonomy":"product_cat","embeddable":true,"href":"https:\/\/erpabaza.com\/index.php?rest_route=%2Fwp%2Fv2%2Fproduct_cat&post=207"},{"taxonomy":"product_tag","embeddable":true,"href":"https:\/\/erpabaza.com\/index.php?rest_route=%2Fwp%2Fv2%2Fproduct_tag&post=207"}],"curies":[{"name":"wp","href":"https:\/\/api.w.org\/{rel}","templated":true}]}}