{"id":185,"date":"2025-05-17T10:04:19","date_gmt":"2025-05-17T10:04:19","guid":{"rendered":"https:\/\/erpabaza.com\/?post_type=product&#038;p=185"},"modified":"2025-05-17T12:23:27","modified_gmt":"2025-05-17T12:23:27","slug":"yakut-yatak","status":"publish","type":"product","link":"https:\/\/erpabaza.com\/?product=yakut-yatak","title":{"rendered":"Yakut Yatak"},"content":{"rendered":"","protected":false},"excerpt":{"rendered":"<p><strong>\u00dcr\u00fcn Detaylar\u0131<\/strong><\/p>\n<p>Yakut Yata\u011f\u0131 \u00f6zel yay sistemi sayesinde v\u00fccudun 5 farkl\u0131<br \/>\nb\u00f6lgesine destek sa\u011flar. E\u015finizin uyku esnas\u0131nda istemsiz d\u00f6n\u00fc\u015f<br \/>\nhareketlerinden etkilenmenizi \u00f6nler ve sahip oldu\u011fu konfor<br \/>\nsayesinde kesintisiz bir uyku sunar.<\/p>\n","protected":false},"featured_media":378,"template":"","meta":[],"product_brand":[],"product_cat":[24],"product_tag":[],"class_list":{"0":"post-185","1":"product","2":"type-product","3":"status-publish","4":"has-post-thumbnail","6":"product_cat-yatak-grubu","8":"first","9":"instock","10":"shipping-taxable","11":"product-type-simple"},"_links":{"self":[{"href":"https:\/\/erpabaza.com\/index.php?rest_route=\/wp\/v2\/product\/185","targetHints":{"allow":["GET"]}}],"collection":[{"href":"https:\/\/erpabaza.com\/index.php?rest_route=\/wp\/v2\/product"}],"about":[{"href":"https:\/\/erpabaza.com\/index.php?rest_route=\/wp\/v2\/types\/product"}],"wp:featuredmedia":[{"embeddable":true,"href":"https:\/\/erpabaza.com\/index.php?rest_route=\/wp\/v2\/media\/378"}],"wp:attachment":[{"href":"https:\/\/erpabaza.com\/index.php?rest_route=%2Fwp%2Fv2%2Fmedia&parent=185"}],"wp:term":[{"taxonomy":"product_brand","embeddable":true,"href":"https:\/\/erpabaza.com\/index.php?rest_route=%2Fwp%2Fv2%2Fproduct_brand&post=185"},{"taxonomy":"product_cat","embeddable":true,"href":"https:\/\/erpabaza.com\/index.php?rest_route=%2Fwp%2Fv2%2Fproduct_cat&post=185"},{"taxonomy":"product_tag","embeddable":true,"href":"https:\/\/erpabaza.com\/index.php?rest_route=%2Fwp%2Fv2%2Fproduct_tag&post=185"}],"curies":[{"name":"wp","href":"https:\/\/api.w.org\/{rel}","templated":true}]}}