{"id":183,"date":"2025-05-17T10:03:33","date_gmt":"2025-05-17T10:03:33","guid":{"rendered":"https:\/\/erpabaza.com\/?post_type=product&#038;p=183"},"modified":"2025-05-17T12:22:48","modified_gmt":"2025-05-17T12:22:48","slug":"terapi-yatak","status":"publish","type":"product","link":"https:\/\/erpabaza.com\/?product=terapi-yatak","title":{"rendered":"Terapi Yatak"},"content":{"rendered":"","protected":false},"excerpt":{"rendered":"<p><strong>\u00dcr\u00fcn Detaylar\u0131<\/strong><\/p>\n<p>Terapi Smart Yatak teknolojisi ile konfor ve ferahl\u0131k konseptlerini<br \/>\nbir araya getiriyor. \u00d6zel olarak geli\u015ftirilmi\u015f kuma\u015f\u0131 m\u00fckemmel bir<br \/>\ndokunma hissi sa\u011flar. 7 b\u00f6lgeli herk\u00fcl yay ile v\u00fccudunuza<br \/>\nuyum sa\u011flar ve gece boyunca rahat bir uyku uyuman\u0131z\u0131<br \/>\nyard\u0131mc\u0131 olur.<\/p>\n","protected":false},"featured_media":376,"template":"","meta":[],"product_brand":[],"product_cat":[24],"product_tag":[],"class_list":{"0":"post-183","1":"product","2":"type-product","3":"status-publish","4":"has-post-thumbnail","6":"product_cat-yatak-grubu","8":"first","9":"instock","10":"shipping-taxable","11":"product-type-simple"},"_links":{"self":[{"href":"https:\/\/erpabaza.com\/index.php?rest_route=\/wp\/v2\/product\/183","targetHints":{"allow":["GET"]}}],"collection":[{"href":"https:\/\/erpabaza.com\/index.php?rest_route=\/wp\/v2\/product"}],"about":[{"href":"https:\/\/erpabaza.com\/index.php?rest_route=\/wp\/v2\/types\/product"}],"wp:featuredmedia":[{"embeddable":true,"href":"https:\/\/erpabaza.com\/index.php?rest_route=\/wp\/v2\/media\/376"}],"wp:attachment":[{"href":"https:\/\/erpabaza.com\/index.php?rest_route=%2Fwp%2Fv2%2Fmedia&parent=183"}],"wp:term":[{"taxonomy":"product_brand","embeddable":true,"href":"https:\/\/erpabaza.com\/index.php?rest_route=%2Fwp%2Fv2%2Fproduct_brand&post=183"},{"taxonomy":"product_cat","embeddable":true,"href":"https:\/\/erpabaza.com\/index.php?rest_route=%2Fwp%2Fv2%2Fproduct_cat&post=183"},{"taxonomy":"product_tag","embeddable":true,"href":"https:\/\/erpabaza.com\/index.php?rest_route=%2Fwp%2Fv2%2Fproduct_tag&post=183"}],"curies":[{"name":"wp","href":"https:\/\/api.w.org\/{rel}","templated":true}]}}