{"id":182,"date":"2025-05-17T10:03:33","date_gmt":"2025-05-17T10:03:33","guid":{"rendered":"https:\/\/erpabaza.com\/?post_type=product&#038;p=182"},"modified":"2025-05-17T12:22:10","modified_gmt":"2025-05-17T12:22:10","slug":"samba-yatak","status":"publish","type":"product","link":"https:\/\/erpabaza.com\/?product=samba-yatak","title":{"rendered":"Samba Yatak"},"content":{"rendered":"","protected":false},"excerpt":{"rendered":"<p><strong>\u00dcr\u00fcn Detaylar\u0131<\/strong><\/p>\n<p>Samba Yata\u011f\u0131 i\u00e7erisinde bulunan \u00f6zel esnek katmanlar\u0131<br \/>\nsayesinde rahatlat\u0131c\u0131 ve dinlendirici etkisi vard\u0131r. Nefes ald\u0131ran<br \/>\nhava kanallar\u0131 sayesinde gece boyunca ferah bir uyku ortam\u0131<br \/>\nhaz\u0131rlar. Bu sayede g\u00fcne zinde ba\u015flay\u0131p g\u00fcn boyu g\u00fczel zaman<br \/>\nge\u00e7irebilirsiniz.<\/p>\n","protected":false},"featured_media":375,"template":"","meta":[],"product_brand":[],"product_cat":[24],"product_tag":[],"class_list":{"0":"post-182","1":"product","2":"type-product","3":"status-publish","4":"has-post-thumbnail","6":"product_cat-yatak-grubu","8":"first","9":"instock","10":"shipping-taxable","11":"product-type-simple"},"_links":{"self":[{"href":"https:\/\/erpabaza.com\/index.php?rest_route=\/wp\/v2\/product\/182","targetHints":{"allow":["GET"]}}],"collection":[{"href":"https:\/\/erpabaza.com\/index.php?rest_route=\/wp\/v2\/product"}],"about":[{"href":"https:\/\/erpabaza.com\/index.php?rest_route=\/wp\/v2\/types\/product"}],"wp:featuredmedia":[{"embeddable":true,"href":"https:\/\/erpabaza.com\/index.php?rest_route=\/wp\/v2\/media\/375"}],"wp:attachment":[{"href":"https:\/\/erpabaza.com\/index.php?rest_route=%2Fwp%2Fv2%2Fmedia&parent=182"}],"wp:term":[{"taxonomy":"product_brand","embeddable":true,"href":"https:\/\/erpabaza.com\/index.php?rest_route=%2Fwp%2Fv2%2Fproduct_brand&post=182"},{"taxonomy":"product_cat","embeddable":true,"href":"https:\/\/erpabaza.com\/index.php?rest_route=%2Fwp%2Fv2%2Fproduct_cat&post=182"},{"taxonomy":"product_tag","embeddable":true,"href":"https:\/\/erpabaza.com\/index.php?rest_route=%2Fwp%2Fv2%2Fproduct_tag&post=182"}],"curies":[{"name":"wp","href":"https:\/\/api.w.org\/{rel}","templated":true}]}}