{"id":181,"date":"2025-05-17T10:03:31","date_gmt":"2025-05-17T10:03:31","guid":{"rendered":"https:\/\/erpabaza.com\/?post_type=product&#038;p=181"},"modified":"2025-05-17T12:21:33","modified_gmt":"2025-05-17T12:21:33","slug":"neon-balance-yatak","status":"publish","type":"product","link":"https:\/\/erpabaza.com\/?product=neon-balance-yatak","title":{"rendered":"Neon Balance Yatak"},"content":{"rendered":"","protected":false},"excerpt":{"rendered":"<p><strong>\u00dcr\u00fcn Detaylar\u0131<\/strong><\/p>\n<p>V\u00fccudun t\u00fcm b\u00f6lgelerini ayn\u0131 oranda destekleyip, omurga<br \/>\nsa\u011fl\u0131n\u0131z\u0131 d\u00fc\u015f\u00fcnen Neon Balance bel ve s\u0131rt a\u011fr\u0131lar\u0131 olanlar i\u00e7in<br \/>\ntavsiye edilir. Dolgun g\u00f6r\u00fcn\u00fcm\u00fc ve \u00fczerindeki dekoratif<br \/>\nkapit\u00f6nesi ile sade bir tasar\u0131m\u0131 vard\u0131r. .<br \/>\nVe elbette g\u00fcne mutlu ba\u015flamak isteyenlerin tercihi Neon<br \/>\nBalance\u2019d\u0131r.<\/p>\n","protected":false},"featured_media":373,"template":"","meta":[],"product_brand":[],"product_cat":[24],"product_tag":[],"class_list":{"0":"post-181","1":"product","2":"type-product","3":"status-publish","4":"has-post-thumbnail","6":"product_cat-yatak-grubu","8":"first","9":"instock","10":"shipping-taxable","11":"product-type-simple"},"_links":{"self":[{"href":"https:\/\/erpabaza.com\/index.php?rest_route=\/wp\/v2\/product\/181","targetHints":{"allow":["GET"]}}],"collection":[{"href":"https:\/\/erpabaza.com\/index.php?rest_route=\/wp\/v2\/product"}],"about":[{"href":"https:\/\/erpabaza.com\/index.php?rest_route=\/wp\/v2\/types\/product"}],"wp:featuredmedia":[{"embeddable":true,"href":"https:\/\/erpabaza.com\/index.php?rest_route=\/wp\/v2\/media\/373"}],"wp:attachment":[{"href":"https:\/\/erpabaza.com\/index.php?rest_route=%2Fwp%2Fv2%2Fmedia&parent=181"}],"wp:term":[{"taxonomy":"product_brand","embeddable":true,"href":"https:\/\/erpabaza.com\/index.php?rest_route=%2Fwp%2Fv2%2Fproduct_brand&post=181"},{"taxonomy":"product_cat","embeddable":true,"href":"https:\/\/erpabaza.com\/index.php?rest_route=%2Fwp%2Fv2%2Fproduct_cat&post=181"},{"taxonomy":"product_tag","embeddable":true,"href":"https:\/\/erpabaza.com\/index.php?rest_route=%2Fwp%2Fv2%2Fproduct_tag&post=181"}],"curies":[{"name":"wp","href":"https:\/\/api.w.org\/{rel}","templated":true}]}}