{"id":180,"date":"2025-05-17T10:02:50","date_gmt":"2025-05-17T10:02:50","guid":{"rendered":"https:\/\/erpabaza.com\/?post_type=product&#038;p=180"},"modified":"2025-05-17T12:20:13","modified_gmt":"2025-05-17T12:20:13","slug":"mimoza-yatak","status":"publish","type":"product","link":"https:\/\/erpabaza.com\/?product=mimoza-yatak","title":{"rendered":"Mimoza Yatak"},"content":{"rendered":"","protected":false},"excerpt":{"rendered":"<p><strong>\u00dcr\u00fcn Detaylar\u0131<\/strong><\/p>\n<p>Mimoza Yatak\u2019\u0131n \u00fcst katman\u0131na konfor art\u0131r\u0131c\u0131 olarak ince bir<br \/>\nviskoelastik katman eklenmi\u015ftir.\u00d6zel dolgu elyaf\u0131 ve kullan\u0131lan<br \/>\n\u00f6zel ke\u00e7e sayesinde bas\u0131nc\u0131n yata\u011fa e\u015fit olarak da\u011f\u0131lmas\u0131n\u0131<br \/>\nsa\u011flar.Yaylar aras\u0131ndaki s\u00fcnger destek elemanlar\u0131yla (takoz)<br \/>\nyata\u011f\u0131n full ortopedik olmas\u0131 sa\u011flanm\u0131\u015ft\u0131r.<\/p>\n","protected":false},"featured_media":368,"template":"","meta":[],"product_brand":[],"product_cat":[24],"product_tag":[],"class_list":{"0":"post-180","1":"product","2":"type-product","3":"status-publish","4":"has-post-thumbnail","6":"product_cat-yatak-grubu","8":"first","9":"instock","10":"shipping-taxable","11":"product-type-simple"},"_links":{"self":[{"href":"https:\/\/erpabaza.com\/index.php?rest_route=\/wp\/v2\/product\/180","targetHints":{"allow":["GET"]}}],"collection":[{"href":"https:\/\/erpabaza.com\/index.php?rest_route=\/wp\/v2\/product"}],"about":[{"href":"https:\/\/erpabaza.com\/index.php?rest_route=\/wp\/v2\/types\/product"}],"wp:featuredmedia":[{"embeddable":true,"href":"https:\/\/erpabaza.com\/index.php?rest_route=\/wp\/v2\/media\/368"}],"wp:attachment":[{"href":"https:\/\/erpabaza.com\/index.php?rest_route=%2Fwp%2Fv2%2Fmedia&parent=180"}],"wp:term":[{"taxonomy":"product_brand","embeddable":true,"href":"https:\/\/erpabaza.com\/index.php?rest_route=%2Fwp%2Fv2%2Fproduct_brand&post=180"},{"taxonomy":"product_cat","embeddable":true,"href":"https:\/\/erpabaza.com\/index.php?rest_route=%2Fwp%2Fv2%2Fproduct_cat&post=180"},{"taxonomy":"product_tag","embeddable":true,"href":"https:\/\/erpabaza.com\/index.php?rest_route=%2Fwp%2Fv2%2Fproduct_tag&post=180"}],"curies":[{"name":"wp","href":"https:\/\/api.w.org\/{rel}","templated":true}]}}