{"id":179,"date":"2025-05-17T10:02:49","date_gmt":"2025-05-17T10:02:49","guid":{"rendered":"https:\/\/erpabaza.com\/?post_type=product&#038;p=179"},"modified":"2025-05-17T12:19:48","modified_gmt":"2025-05-17T12:19:48","slug":"kristal-yatak","status":"publish","type":"product","link":"https:\/\/erpabaza.com\/?product=kristal-yatak","title":{"rendered":"Kristal Yatak"},"content":{"rendered":"","protected":false},"excerpt":{"rendered":"<p><strong>\u00dcr\u00fcn Detaylar\u0131<\/strong><\/p>\n<p>Kapitonesinde kullan\u0131lan s\u00fcnger plaka ve kontine s\u00fcngerler<br \/>\nekstra yumu\u015fakl\u0131k ve rahatl\u0131k sunmaktad\u0131r. Yata\u011fa uygulanan<br \/>\nbas\u0131nc\u0131 e\u015fit olarak da\u011f\u0131tan hijyenik rebounded ke\u00e7e ve her iki<br \/>\ny\u00fczeyindeki 3 cm y\u00fcksekli\u011finde 35 dansite s\u00fcnger ile bel ve s\u0131rt<br \/>\na\u011fr\u0131lar\u0131n\u0131 azaltmas\u0131nda yard\u0131mc\u0131d\u0131r.<\/p>\n","protected":false},"featured_media":366,"template":"","meta":[],"product_brand":[],"product_cat":[24],"product_tag":[],"class_list":{"0":"post-179","1":"product","2":"type-product","3":"status-publish","4":"has-post-thumbnail","6":"product_cat-yatak-grubu","8":"first","9":"instock","10":"shipping-taxable","11":"product-type-simple"},"_links":{"self":[{"href":"https:\/\/erpabaza.com\/index.php?rest_route=\/wp\/v2\/product\/179","targetHints":{"allow":["GET"]}}],"collection":[{"href":"https:\/\/erpabaza.com\/index.php?rest_route=\/wp\/v2\/product"}],"about":[{"href":"https:\/\/erpabaza.com\/index.php?rest_route=\/wp\/v2\/types\/product"}],"wp:featuredmedia":[{"embeddable":true,"href":"https:\/\/erpabaza.com\/index.php?rest_route=\/wp\/v2\/media\/366"}],"wp:attachment":[{"href":"https:\/\/erpabaza.com\/index.php?rest_route=%2Fwp%2Fv2%2Fmedia&parent=179"}],"wp:term":[{"taxonomy":"product_brand","embeddable":true,"href":"https:\/\/erpabaza.com\/index.php?rest_route=%2Fwp%2Fv2%2Fproduct_brand&post=179"},{"taxonomy":"product_cat","embeddable":true,"href":"https:\/\/erpabaza.com\/index.php?rest_route=%2Fwp%2Fv2%2Fproduct_cat&post=179"},{"taxonomy":"product_tag","embeddable":true,"href":"https:\/\/erpabaza.com\/index.php?rest_route=%2Fwp%2Fv2%2Fproduct_tag&post=179"}],"curies":[{"name":"wp","href":"https:\/\/api.w.org\/{rel}","templated":true}]}}