{"id":178,"date":"2025-05-17T10:02:48","date_gmt":"2025-05-17T10:02:48","guid":{"rendered":"https:\/\/erpabaza.com\/?post_type=product&#038;p=178"},"modified":"2025-05-17T12:19:02","modified_gmt":"2025-05-17T12:19:02","slug":"galaxy-yatak","status":"publish","type":"product","link":"https:\/\/erpabaza.com\/?product=galaxy-yatak","title":{"rendered":"Galaxy Yatak"},"content":{"rendered":"","protected":false},"excerpt":{"rendered":"<p><strong>\u00dcr\u00fcn Detaylar\u0131<\/strong><\/p>\n<p>Yaprak Pedi sayesinde \u015f\u0131k bir g\u00f6r\u00fcn\u00fcme sahip olan Galaxy<br \/>\nYata\u011f\u0131 e\u015fsiz bir konfor sunar. \u00dcst d\u00fczeyde ekstra bulunan<br \/>\nkatman v\u00fccudun ergonomik yap\u0131s\u0131n\u0131 korur.<br \/>\nAyr\u0131ca yata\u011f\u0131m\u0131z\u0131n i\u00e7inde bulunan \u00f6zel ke\u00e7e ve takozlar<br \/>\nyata\u011fa uygulanan bas\u0131nc\u0131 e\u015fit oranda da\u011f\u0131t\u0131r.<\/p>\n","protected":false},"featured_media":364,"template":"","meta":[],"product_brand":[],"product_cat":[24],"product_tag":[],"class_list":{"0":"post-178","1":"product","2":"type-product","3":"status-publish","4":"has-post-thumbnail","6":"product_cat-yatak-grubu","8":"first","9":"instock","10":"shipping-taxable","11":"product-type-simple"},"_links":{"self":[{"href":"https:\/\/erpabaza.com\/index.php?rest_route=\/wp\/v2\/product\/178","targetHints":{"allow":["GET"]}}],"collection":[{"href":"https:\/\/erpabaza.com\/index.php?rest_route=\/wp\/v2\/product"}],"about":[{"href":"https:\/\/erpabaza.com\/index.php?rest_route=\/wp\/v2\/types\/product"}],"wp:featuredmedia":[{"embeddable":true,"href":"https:\/\/erpabaza.com\/index.php?rest_route=\/wp\/v2\/media\/364"}],"wp:attachment":[{"href":"https:\/\/erpabaza.com\/index.php?rest_route=%2Fwp%2Fv2%2Fmedia&parent=178"}],"wp:term":[{"taxonomy":"product_brand","embeddable":true,"href":"https:\/\/erpabaza.com\/index.php?rest_route=%2Fwp%2Fv2%2Fproduct_brand&post=178"},{"taxonomy":"product_cat","embeddable":true,"href":"https:\/\/erpabaza.com\/index.php?rest_route=%2Fwp%2Fv2%2Fproduct_cat&post=178"},{"taxonomy":"product_tag","embeddable":true,"href":"https:\/\/erpabaza.com\/index.php?rest_route=%2Fwp%2Fv2%2Fproduct_tag&post=178"}],"curies":[{"name":"wp","href":"https:\/\/api.w.org\/{rel}","templated":true}]}}