{"id":177,"date":"2025-05-17T10:01:34","date_gmt":"2025-05-17T10:01:34","guid":{"rendered":"https:\/\/erpabaza.com\/?post_type=product&#038;p=177"},"modified":"2025-05-17T12:18:15","modified_gmt":"2025-05-17T12:18:15","slug":"enna-king-yatak","status":"publish","type":"product","link":"https:\/\/erpabaza.com\/?product=enna-king-yatak","title":{"rendered":"Enna King Yatak"},"content":{"rendered":"","protected":false},"excerpt":{"rendered":"<p><strong>\u00dcr\u00fcn Detaylar\u0131<\/strong><\/p>\n<p>Mutlulu\u011fu ve huzuru gece arayanlar i\u00e7in \u00f6zel olarak<br \/>\ntasarlanm\u0131\u015ft\u0131r. Enna King\u2019in en b\u00fcy\u00fck \u00f6zelli\u011fi alt ve \u00fcst<br \/>\nk\u0131sm\u0131nda bulunan ekstra pedler sayesinde kaliteli ve e\u015fsiz bir<br \/>\nuyku sa\u011flamas\u0131d\u0131r. \u00d6zel yay dizayn\u0131 sayesinde a\u011f\u0131rl\u0131klar\u0131n e\u015fit<br \/>\nda\u011f\u0131lmas\u0131n\u0131 ve yata\u011f\u0131n ayn\u0131 oranda hava almas\u0131n\u0131 sa\u011flar buda<br \/>\nv\u00fccudunuza bir esneklik katar.<\/p>\n","protected":false},"featured_media":362,"template":"","meta":[],"product_brand":[],"product_cat":[24],"product_tag":[],"class_list":{"0":"post-177","1":"product","2":"type-product","3":"status-publish","4":"has-post-thumbnail","6":"product_cat-yatak-grubu","8":"first","9":"instock","10":"shipping-taxable","11":"product-type-simple"},"_links":{"self":[{"href":"https:\/\/erpabaza.com\/index.php?rest_route=\/wp\/v2\/product\/177","targetHints":{"allow":["GET"]}}],"collection":[{"href":"https:\/\/erpabaza.com\/index.php?rest_route=\/wp\/v2\/product"}],"about":[{"href":"https:\/\/erpabaza.com\/index.php?rest_route=\/wp\/v2\/types\/product"}],"wp:featuredmedia":[{"embeddable":true,"href":"https:\/\/erpabaza.com\/index.php?rest_route=\/wp\/v2\/media\/362"}],"wp:attachment":[{"href":"https:\/\/erpabaza.com\/index.php?rest_route=%2Fwp%2Fv2%2Fmedia&parent=177"}],"wp:term":[{"taxonomy":"product_brand","embeddable":true,"href":"https:\/\/erpabaza.com\/index.php?rest_route=%2Fwp%2Fv2%2Fproduct_brand&post=177"},{"taxonomy":"product_cat","embeddable":true,"href":"https:\/\/erpabaza.com\/index.php?rest_route=%2Fwp%2Fv2%2Fproduct_cat&post=177"},{"taxonomy":"product_tag","embeddable":true,"href":"https:\/\/erpabaza.com\/index.php?rest_route=%2Fwp%2Fv2%2Fproduct_tag&post=177"}],"curies":[{"name":"wp","href":"https:\/\/api.w.org\/{rel}","templated":true}]}}