{"id":176,"date":"2025-05-17T10:01:34","date_gmt":"2025-05-17T10:01:34","guid":{"rendered":"https:\/\/erpabaza.com\/?post_type=product&#038;p=176"},"modified":"2025-05-17T12:17:35","modified_gmt":"2025-05-17T12:17:35","slug":"elit-yatak","status":"publish","type":"product","link":"https:\/\/erpabaza.com\/?product=elit-yatak","title":{"rendered":"Elit Yatak"},"content":{"rendered":"","protected":false},"excerpt":{"rendered":"<p><strong>\u00dcr\u00fcn Detaylar\u0131<\/strong><\/p>\n<p>\u0130deal bir uyku i\u00e7in ortopedik yayl\u0131 yatak olan EL\u0130T en iyi<br \/>\n\u00e7\u00f6z\u00fcmd\u00fcr. \u00d6zel dolgu elyaf\u0131 ile kesintisiz bir uyku sa\u011flar size.<br \/>\nYata\u011f\u0131n orta k\u0131s\u0131mlar\u0131na uygun aral\u0131klar ile yerle\u015ftirilen 7 adet<br \/>\ns\u00fcnger destek elaman\u0131 (takoz) ile ortopedik \u00f6zelli\u011fi kazand\u0131r\u0131lm\u0131\u015ft\u0131r.<br \/>\nYay \u00fczerine uygulanan bas\u0131nc\u0131 e\u015fit oranda da\u011f\u0131tan ke\u00e7e<br \/>\nyerle\u015ftirilmi\u015ftir. Pamuk-polyester kuma\u015f ve dolgu malzemeleri ile<br \/>\n4 mevsim rahat bir uyku zemini sunar.<\/p>\n","protected":false},"featured_media":360,"template":"","meta":[],"product_brand":[],"product_cat":[24],"product_tag":[],"class_list":{"0":"post-176","1":"product","2":"type-product","3":"status-publish","4":"has-post-thumbnail","6":"product_cat-yatak-grubu","8":"first","9":"instock","10":"shipping-taxable","11":"product-type-simple"},"_links":{"self":[{"href":"https:\/\/erpabaza.com\/index.php?rest_route=\/wp\/v2\/product\/176","targetHints":{"allow":["GET"]}}],"collection":[{"href":"https:\/\/erpabaza.com\/index.php?rest_route=\/wp\/v2\/product"}],"about":[{"href":"https:\/\/erpabaza.com\/index.php?rest_route=\/wp\/v2\/types\/product"}],"wp:featuredmedia":[{"embeddable":true,"href":"https:\/\/erpabaza.com\/index.php?rest_route=\/wp\/v2\/media\/360"}],"wp:attachment":[{"href":"https:\/\/erpabaza.com\/index.php?rest_route=%2Fwp%2Fv2%2Fmedia&parent=176"}],"wp:term":[{"taxonomy":"product_brand","embeddable":true,"href":"https:\/\/erpabaza.com\/index.php?rest_route=%2Fwp%2Fv2%2Fproduct_brand&post=176"},{"taxonomy":"product_cat","embeddable":true,"href":"https:\/\/erpabaza.com\/index.php?rest_route=%2Fwp%2Fv2%2Fproduct_cat&post=176"},{"taxonomy":"product_tag","embeddable":true,"href":"https:\/\/erpabaza.com\/index.php?rest_route=%2Fwp%2Fv2%2Fproduct_tag&post=176"}],"curies":[{"name":"wp","href":"https:\/\/api.w.org\/{rel}","templated":true}]}}