{"id":174,"date":"2025-05-17T10:00:30","date_gmt":"2025-05-17T10:00:30","guid":{"rendered":"https:\/\/erpabaza.com\/?post_type=product&#038;p=174"},"modified":"2025-05-17T12:15:28","modified_gmt":"2025-05-17T12:15:28","slug":"anti-stres-yatak","status":"publish","type":"product","link":"https:\/\/erpabaza.com\/?product=anti-stres-yatak","title":{"rendered":"Anti Stres Yatak"},"content":{"rendered":"","protected":false},"excerpt":{"rendered":"<p><strong>\u00dcr\u00fcn Detaylar\u0131<\/strong><\/p>\n<p>Omurga dostu Full ortapedik Ant\u0131 Stress yatak, yata\u011f\u0131n \u00fcst<br \/>\ny\u00fcz\u00fcne gizlenmi\u015f uyku pedi ile y\u00fcksek konfor sa\u011flayarak<br \/>\nyata\u011fa ekstra ortapedi kazand\u0131ran uyku konforunu art\u0131ran<br \/>\nrulo s\u00fcnger ile m\u00fcthi\u015f bir uyku sizleri bekliyor.<\/p>\n","protected":false},"featured_media":356,"template":"","meta":[],"product_brand":[],"product_cat":[24],"product_tag":[],"class_list":{"0":"post-174","1":"product","2":"type-product","3":"status-publish","4":"has-post-thumbnail","6":"product_cat-yatak-grubu","8":"first","9":"instock","10":"shipping-taxable","11":"product-type-simple"},"_links":{"self":[{"href":"https:\/\/erpabaza.com\/index.php?rest_route=\/wp\/v2\/product\/174","targetHints":{"allow":["GET"]}}],"collection":[{"href":"https:\/\/erpabaza.com\/index.php?rest_route=\/wp\/v2\/product"}],"about":[{"href":"https:\/\/erpabaza.com\/index.php?rest_route=\/wp\/v2\/types\/product"}],"wp:featuredmedia":[{"embeddable":true,"href":"https:\/\/erpabaza.com\/index.php?rest_route=\/wp\/v2\/media\/356"}],"wp:attachment":[{"href":"https:\/\/erpabaza.com\/index.php?rest_route=%2Fwp%2Fv2%2Fmedia&parent=174"}],"wp:term":[{"taxonomy":"product_brand","embeddable":true,"href":"https:\/\/erpabaza.com\/index.php?rest_route=%2Fwp%2Fv2%2Fproduct_brand&post=174"},{"taxonomy":"product_cat","embeddable":true,"href":"https:\/\/erpabaza.com\/index.php?rest_route=%2Fwp%2Fv2%2Fproduct_cat&post=174"},{"taxonomy":"product_tag","embeddable":true,"href":"https:\/\/erpabaza.com\/index.php?rest_route=%2Fwp%2Fv2%2Fproduct_tag&post=174"}],"curies":[{"name":"wp","href":"https:\/\/api.w.org\/{rel}","templated":true}]}}