{"id":170,"date":"2025-05-17T09:59:02","date_gmt":"2025-05-17T09:59:02","guid":{"rendered":"https:\/\/erpabaza.com\/?post_type=product&#038;p=170"},"modified":"2025-05-17T10:56:04","modified_gmt":"2025-05-17T10:56:04","slug":"yavrulu-baza","status":"publish","type":"product","link":"https:\/\/erpabaza.com\/?product=yavrulu-baza","title":{"rendered":"Yavrulu Baza"},"content":{"rendered":"","protected":false},"excerpt":{"rendered":"<p><strong>\u00dcr\u00fcn Detaylar\u0131<\/strong><\/p>\n<p>* 8 mm Sunta Desen Boyal\u0131<br \/>\n* Elektro Statik Toz Boya<br \/>\n* \u0130\u00e7 aksamlarda paslanmaz \u00e7elik konstr\u00fcksiyon kullan\u0131lm\u0131\u015ft\u0131r.<br \/>\n* Modern g\u00f6r\u00fcn\u00fcml\u00fc uzun \u00f6m\u00fcrl\u00fc ayak<br \/>\n* Standart baza y\u00fcksekli\u011fi 28 cm ve 10 cm ayak olmak \u00fczere<br \/>\ntoplamda 38 cm\u2019dir.<br \/>\n* Bu y\u00fckseklikler talep do\u011frultusunda revize edilebilir.<br \/>\n* \u00d6zel deri ve tayt\u00fcy\u00fc kuma\u015f kullan\u0131lmaktad\u0131r.<br \/>\n* Ergonamik bir g\u00f6r\u00fcn\u00fcme sahiptir.<br \/>\n* Ortopedik, Bonel yay sistemiyle tasarlanm\u0131\u015f Elit yata\u011f\u0131n<br \/>\nkonforunu, portatif tekerlekli ile sunuyoruz.<br \/>\n* \u0130sterseniz ana yatakla birle\u015ftirerek \u00e7ift ki\u015filik yatak olarakta<br \/>\nkullanabilirsiniz.<br \/>\n* Siz hayal edin biz yapal\u0131m\u2026<\/p>\n","protected":false},"featured_media":320,"template":"","meta":[],"product_brand":[],"product_cat":[25],"product_tag":[],"class_list":{"0":"post-170","1":"product","2":"type-product","3":"status-publish","4":"has-post-thumbnail","6":"product_cat-baza-grubu","8":"first","9":"instock","10":"shipping-taxable","11":"product-type-simple"},"_links":{"self":[{"href":"https:\/\/erpabaza.com\/index.php?rest_route=\/wp\/v2\/product\/170","targetHints":{"allow":["GET"]}}],"collection":[{"href":"https:\/\/erpabaza.com\/index.php?rest_route=\/wp\/v2\/product"}],"about":[{"href":"https:\/\/erpabaza.com\/index.php?rest_route=\/wp\/v2\/types\/product"}],"wp:featuredmedia":[{"embeddable":true,"href":"https:\/\/erpabaza.com\/index.php?rest_route=\/wp\/v2\/media\/320"}],"wp:attachment":[{"href":"https:\/\/erpabaza.com\/index.php?rest_route=%2Fwp%2Fv2%2Fmedia&parent=170"}],"wp:term":[{"taxonomy":"product_brand","embeddable":true,"href":"https:\/\/erpabaza.com\/index.php?rest_route=%2Fwp%2Fv2%2Fproduct_brand&post=170"},{"taxonomy":"product_cat","embeddable":true,"href":"https:\/\/erpabaza.com\/index.php?rest_route=%2Fwp%2Fv2%2Fproduct_cat&post=170"},{"taxonomy":"product_tag","embeddable":true,"href":"https:\/\/erpabaza.com\/index.php?rest_route=%2Fwp%2Fv2%2Fproduct_tag&post=170"}],"curies":[{"name":"wp","href":"https:\/\/api.w.org\/{rel}","templated":true}]}}