{"id":168,"date":"2025-05-17T09:58:03","date_gmt":"2025-05-17T09:58:03","guid":{"rendered":"https:\/\/erpabaza.com\/?post_type=product&#038;p=168"},"modified":"2025-05-17T10:53:00","modified_gmt":"2025-05-17T10:53:00","slug":"sandra-baza","status":"publish","type":"product","link":"https:\/\/erpabaza.com\/?product=sandra-baza","title":{"rendered":"Sandra Baza"},"content":{"rendered":"","protected":false},"excerpt":{"rendered":"<p><strong>\u00dcr\u00fcn Detaylar\u0131<\/strong><\/p>\n<p>* 8mm Kapak ve Sunta Desen Boyal\u0131<br \/>\n* Elektro Statik Toz Boya<br \/>\n* \u0130\u00e7 aksamlarda paslanmaz \u00e7elik konstr\u00fcksiyon<br \/>\nkullan\u0131lm\u0131\u015ft\u0131r.<br \/>\n* Modern g\u00f6r\u00fcn\u00fcml\u00fc uzun \u00f6m\u00fcrl\u00fc ayak sistemi<br \/>\n* A\u00e7\u0131k pozisyonda kilit sistemi; \u00e7ift emniyet sa\u011flayan<br \/>\nmakas ve amortis\u00f6r sistemi<br \/>\n* Standart baza y\u00fcksekli\u011fi 32 cm ve 5 cm ayak olmak<br \/>\n\u00fczere toplamda 37 cm\u2019dir.<br \/>\n* Bu y\u00fckseklikler talep do\u011frultusunda revize edilebilir.<br \/>\n* Zengin Deri ve Kuma\u015f Alternatif<br \/>\n* Siz hayal edin biz yapal\u0131m\u2026<\/p>\n","protected":false},"featured_media":306,"template":"","meta":[],"product_brand":[],"product_cat":[25],"product_tag":[],"class_list":{"0":"post-168","1":"product","2":"type-product","3":"status-publish","4":"has-post-thumbnail","6":"product_cat-baza-grubu","8":"first","9":"instock","10":"shipping-taxable","11":"product-type-simple"},"_links":{"self":[{"href":"https:\/\/erpabaza.com\/index.php?rest_route=\/wp\/v2\/product\/168","targetHints":{"allow":["GET"]}}],"collection":[{"href":"https:\/\/erpabaza.com\/index.php?rest_route=\/wp\/v2\/product"}],"about":[{"href":"https:\/\/erpabaza.com\/index.php?rest_route=\/wp\/v2\/types\/product"}],"wp:featuredmedia":[{"embeddable":true,"href":"https:\/\/erpabaza.com\/index.php?rest_route=\/wp\/v2\/media\/306"}],"wp:attachment":[{"href":"https:\/\/erpabaza.com\/index.php?rest_route=%2Fwp%2Fv2%2Fmedia&parent=168"}],"wp:term":[{"taxonomy":"product_brand","embeddable":true,"href":"https:\/\/erpabaza.com\/index.php?rest_route=%2Fwp%2Fv2%2Fproduct_brand&post=168"},{"taxonomy":"product_cat","embeddable":true,"href":"https:\/\/erpabaza.com\/index.php?rest_route=%2Fwp%2Fv2%2Fproduct_cat&post=168"},{"taxonomy":"product_tag","embeddable":true,"href":"https:\/\/erpabaza.com\/index.php?rest_route=%2Fwp%2Fv2%2Fproduct_tag&post=168"}],"curies":[{"name":"wp","href":"https:\/\/api.w.org\/{rel}","templated":true}]}}