{"id":162,"date":"2025-05-17T09:55:21","date_gmt":"2025-05-17T09:55:21","guid":{"rendered":"https:\/\/erpabaza.com\/?post_type=product&#038;p=162"},"modified":"2025-05-17T10:48:02","modified_gmt":"2025-05-17T10:48:02","slug":"otel-tipi-baza-1","status":"publish","type":"product","link":"https:\/\/erpabaza.com\/?product=otel-tipi-baza-1","title":{"rendered":"Otel Tipi Baza 1"},"content":{"rendered":"","protected":false},"excerpt":{"rendered":"<p><strong>\u00dcr\u00fcn Detaylar\u0131<\/strong><\/p>\n<p>* 4 taraf\u0131 8 mm sunta kapl\u0131 alt ve \u00fcst k\u0131s\u0131mlar da dahil.<br \/>\n* Elektro Statik Toz Boya<br \/>\n* Zengin Deri ve Kuma\u015f Alternatif<br \/>\n* \u0130\u00e7 aksamlarda paslanmaz \u00e7elik konstr\u00fcksiyon kullan\u0131lm\u0131\u015ft\u0131r.<br \/>\n* Standart baza y\u00fcksekli\u011fi 32 cm ve 5 cm ayak olmak \u00fczere<br \/>\ntoplamda 37 cm\u2019dir.<br \/>\n* Bu y\u00fckseklikler talep do\u011frultusunda revize edilebilir.<br \/>\n* Ergonamik bir g\u00f6r\u00fcn\u00fcme sahiptir.<\/p>\n","protected":false},"featured_media":282,"template":"","meta":[],"product_brand":[],"product_cat":[25],"product_tag":[],"class_list":{"0":"post-162","1":"product","2":"type-product","3":"status-publish","4":"has-post-thumbnail","6":"product_cat-baza-grubu","8":"first","9":"instock","10":"shipping-taxable","11":"product-type-simple"},"_links":{"self":[{"href":"https:\/\/erpabaza.com\/index.php?rest_route=\/wp\/v2\/product\/162","targetHints":{"allow":["GET"]}}],"collection":[{"href":"https:\/\/erpabaza.com\/index.php?rest_route=\/wp\/v2\/product"}],"about":[{"href":"https:\/\/erpabaza.com\/index.php?rest_route=\/wp\/v2\/types\/product"}],"wp:featuredmedia":[{"embeddable":true,"href":"https:\/\/erpabaza.com\/index.php?rest_route=\/wp\/v2\/media\/282"}],"wp:attachment":[{"href":"https:\/\/erpabaza.com\/index.php?rest_route=%2Fwp%2Fv2%2Fmedia&parent=162"}],"wp:term":[{"taxonomy":"product_brand","embeddable":true,"href":"https:\/\/erpabaza.com\/index.php?rest_route=%2Fwp%2Fv2%2Fproduct_brand&post=162"},{"taxonomy":"product_cat","embeddable":true,"href":"https:\/\/erpabaza.com\/index.php?rest_route=%2Fwp%2Fv2%2Fproduct_cat&post=162"},{"taxonomy":"product_tag","embeddable":true,"href":"https:\/\/erpabaza.com\/index.php?rest_route=%2Fwp%2Fv2%2Fproduct_tag&post=162"}],"curies":[{"name":"wp","href":"https:\/\/api.w.org\/{rel}","templated":true}]}}