{"id":150,"date":"2025-05-17T09:51:40","date_gmt":"2025-05-17T09:51:40","guid":{"rendered":"https:\/\/erpabaza.com\/?post_type=product&#038;p=150"},"modified":"2025-05-17T10:29:57","modified_gmt":"2025-05-17T10:29:57","slug":"anka-baza-gri","status":"publish","type":"product","link":"https:\/\/erpabaza.com\/?product=anka-baza-gri","title":{"rendered":"Anka Baza &#8211; Gri"},"content":{"rendered":"","protected":false},"excerpt":{"rendered":"<p><strong>\u00dcr\u00fcn Detaylar\u0131<\/strong><\/p>\n<p>* Ana g\u00f6vdesi \u00e7elik profilden yap\u0131lm\u0131\u015f iskelete sahip<br \/>\nolan bazam\u0131z,<br \/>\n* Elektro Statik Toz Boya<br \/>\n* 8 mm Kapak ve Sunta Desen Boyal\u0131<br \/>\n* S\u00fcper bir estetik ve g\u00fczelli\u011fe sahip olan \u00fcr\u00fcn\u00fcm\u00fcz<br \/>\ng\u00f6rselli\u011fi \u00f6n planda tutarak, bazada olmas\u0131<br \/>\ngereken ergonomi ve kullan\u0131m kolayl\u0131\u011f\u0131da kendini<br \/>\ng\u00f6stermektedir.<br \/>\n* \u0130stenilen her \u00f6l\u00e7\u00fc ve ebatta yap\u0131labilir.<br \/>\n* Zengin Deri, Kuma\u015f ve Tay T\u00fcy\u00fc Alternatif<br \/>\n* Ergonomik bir g\u00f6r\u00fcn\u00fcme sahiptir.<br \/>\n* Siz hayal edin biz yapal\u0131m\u2026<\/p>\n","protected":false},"featured_media":225,"template":"","meta":[],"product_brand":[],"product_cat":[25],"product_tag":[],"class_list":{"0":"post-150","1":"product","2":"type-product","3":"status-publish","4":"has-post-thumbnail","6":"product_cat-baza-grubu","8":"first","9":"instock","10":"shipping-taxable","11":"product-type-simple"},"_links":{"self":[{"href":"https:\/\/erpabaza.com\/index.php?rest_route=\/wp\/v2\/product\/150","targetHints":{"allow":["GET"]}}],"collection":[{"href":"https:\/\/erpabaza.com\/index.php?rest_route=\/wp\/v2\/product"}],"about":[{"href":"https:\/\/erpabaza.com\/index.php?rest_route=\/wp\/v2\/types\/product"}],"wp:featuredmedia":[{"embeddable":true,"href":"https:\/\/erpabaza.com\/index.php?rest_route=\/wp\/v2\/media\/225"}],"wp:attachment":[{"href":"https:\/\/erpabaza.com\/index.php?rest_route=%2Fwp%2Fv2%2Fmedia&parent=150"}],"wp:term":[{"taxonomy":"product_brand","embeddable":true,"href":"https:\/\/erpabaza.com\/index.php?rest_route=%2Fwp%2Fv2%2Fproduct_brand&post=150"},{"taxonomy":"product_cat","embeddable":true,"href":"https:\/\/erpabaza.com\/index.php?rest_route=%2Fwp%2Fv2%2Fproduct_cat&post=150"},{"taxonomy":"product_tag","embeddable":true,"href":"https:\/\/erpabaza.com\/index.php?rest_route=%2Fwp%2Fv2%2Fproduct_tag&post=150"}],"curies":[{"name":"wp","href":"https:\/\/api.w.org\/{rel}","templated":true}]}}