{"id":13,"date":"2025-05-10T14:15:30","date_gmt":"2025-05-10T14:15:30","guid":{"rendered":"https:\/\/erpabaza.com\/?page_id=13"},"modified":"2025-05-17T13:16:31","modified_gmt":"2025-05-17T13:16:31","slug":"hakkimizda","status":"publish","type":"page","link":"https:\/\/erpabaza.com\/?page_id=13","title":{"rendered":"Hakk\u0131m\u0131zda"},"content":{"rendered":"\n  <div id=\"page-header-965368294\" class=\"page-header-wrapper\">\n  <div class=\"page-title dark featured-title\">\n\n    \n    <div class=\"page-title-inner container align-center text-center flex-row-col medium-flex-wrap\" >\n              <div class=\"title-wrapper flex-col\">\n          <h1 class=\"entry-title mb-0\">\n            Hakk\u0131m\u0131zda          <\/h1>\n        <\/div>\n                    <div class=\"title-content flex-col\">\n        <div class=\"title-breadcrumbs pb-half pt-half\"><nav class=\"woocommerce-breadcrumb breadcrumbs uppercase\">Ana Sayfa<\/nav><\/div>      <\/div>\n    <\/div>\n\n     \n<style>\n#page-header-965368294 {\n  margin-bottom: 40px;\n}\n<\/style>\n  <\/div>\n    <\/div>\n  \n\n<h3>Bug\u00fcn\u00fcn sa\u011fl\u0131kl\u0131 bireyleri yar\u0131n\u0131n sa\u011fl\u0131kl\u0131 nesli\u2026<\/h3>\n<div class=\"azp_pagesection content_fullwidth lessmar\">\n<div class=\"azp_container\">\n<div class=\"azp_row\">\n<div class=\"azp_col azp_col-sm-12\">\n<div class=\"alileft\">\n<p>\u0130yi bir uyku i\u00e7in her \u015feyden \u00f6nce do\u011fru yata\u011f\u0131 se\u00e7mek gerekir. Do\u011fru bir yatak, v\u00fccudun do\u011fal omurga e\u011frisini korumas\u0131na yard\u0131mc\u0131 olurken, yanl\u0131\u015f se\u00e7ilmi\u015f yatak ise kaslar, sinirler ve damarlar \u00fczerinde bask\u0131 yaparak bel ve s\u0131rt a\u011fr\u0131lar\u0131na neden olur. Bu y\u00fczden bizde iyi bir uyku i\u00e7in ERPA BAZA ailesini tercih edece\u011finize inan\u0131yoruz.<\/p>\n<\/div>\n<\/div>\n<\/div>\n<\/div>\n<\/div>\n<div class=\"row row-collapse row-full-width\"  id=\"row-231262422\">\n\n\n\t<div id=\"col-291905767\" class=\"col medium-6 large-6\"  >\n\t\t\t\t<div class=\"col-inner\"  >\n\t\t\t\n\t\t\t\n\n<h3><strong>Biz<\/strong>\u00a0kimiz?<\/h3>\n<div class=\"azp_pagesection content_fullwidth lessmar\">\n<div class=\"azp_container\">\n<div class=\"azp_row\">\n<div class=\"azp_col azp_col-sm-12\">\n<div class=\"alileft\">\n<p>ERPA BAZA , 1999\u00a0y\u0131l\u0131nda faaliyete ge\u00e7mi\u015ftir. Firmam\u0131z \u00fcretim a\u015famalar\u0131nda g\u00fcn\u00fcm\u00fcz\u00fcn getirdi\u011fi yenilikleri kullanmakta olup , sand\u0131kl\u0131 baza, baza ba\u015fl\u0131\u011f\u0131 ve ortopedik yatak imalat\u0131 yapmaktad\u0131r. Firmam\u0131z, fiyat-kalite dengesini optimum seviyede tutarak kaliteli \u00fcr\u00fcnleri m\u00fc\u015fteriyle bulu\u015fturmaktad\u0131r. En iyi reklam\u0131n \u201cm\u00fc\u015fteri memnuniyeti\u201d oldu\u011funa inanm\u0131\u015f olan ERPA BAZA, bir\u00e7ok ev, otel, \u00f6\u011frenci yurdu v.b. gibi i\u015fletmelerde kaliteli \u00fcr\u00fcnleriyle kendini ispat etmi\u015ftir. T\u00fcketici odakl\u0131 yakla\u015f\u0131m\u0131 ile m\u00fc\u015fterilerin ihtiya\u00e7 ve beklentilerini, \u00fcr\u00fcnlerine ve hizmetlerine en iyi \u015fekilde yans\u0131tan firmam\u0131z, \u00fcretim ve hizmet s\u00fcre\u00e7lerini s\u00fcrekli geli\u015ftiriyor.<\/p>\n<\/div>\n<\/div>\n<\/div>\n<\/div>\n<\/div>\n<h3><strong>Neler<\/strong>\u00a0yapabiliriz?<\/h3>\n<p>sipari\u015f \u00fczerine \u00f6zel \u00f6l\u00e7\u00fclerde \u00fcretim yapmaktay\u0131z. \u00d6zel \u00fcretim sipari\u015flerinizi k\u0131sa s\u00fcrede ve kaliteli bir \u015fekilde sunmak as\u0131l hedefimizdir. Firmam\u0131z, fiyat-kalite dengesini optimum seviyede tutarak kaliteli \u00fcr\u00fcnleri m\u00fc\u015fteriyle bulu\u015fturmaktad\u0131r.<\/p>\n\n\t\t<\/div>\n\t\t\t\t\t<\/div>\n\n\t\n\n\t<div id=\"col-1391735746\" class=\"col medium-6 small-12 large-6\"  >\n\t\t\t\t<div class=\"col-inner\"  >\n\t\t\t\n\t\t\t\n\n\t<div class=\"img has-hover x md-x lg-x y md-y lg-y\" id=\"image_1320933412\">\n\t\t\t\t\t\t\t\t<div class=\"img-inner dark\" >\n\t\t\t<img loading=\"lazy\" decoding=\"async\" width=\"800\" height=\"624\" src=\"https:\/\/erpabaza.com\/wp-content\/uploads\/2025\/05\/Erpa-Baza-5.jpg\" class=\"attachment-large size-large\" alt=\"\" srcset=\"https:\/\/erpabaza.com\/wp-content\/uploads\/2025\/05\/Erpa-Baza-5.jpg 800w, https:\/\/erpabaza.com\/wp-content\/uploads\/2025\/05\/Erpa-Baza-5-600x468.jpg 600w, https:\/\/erpabaza.com\/wp-content\/uploads\/2025\/05\/Erpa-Baza-5-300x234.jpg 300w, https:\/\/erpabaza.com\/wp-content\/uploads\/2025\/05\/Erpa-Baza-5-768x599.jpg 768w\" sizes=\"auto, (max-width: 800px) 100vw, 800px\" \/>\t\t\t\t\t\t\n\t\t\t\t\t<\/div>\n\t\t\t\t\t\t\t\t\n<style>\n#image_1320933412 {\n  width: 100%;\n}\n<\/style>\n\t<\/div>\n\t\n\n\n\t\t<\/div>\n\t\t\t\t\t<\/div>\n\n\t\n\n\t<div id=\"col-653908452\" class=\"col large-12\"  >\n\t\t\t\t<div class=\"col-inner\"  >\n\t\t\t\n\t\t\t\n\n\n\t\t<div class=\"tabbed-content\">\n\t\t\t\n\t\t\t<ul class=\"nav nav-line-bottom nav-uppercase nav-size-xlarge nav-left active-on-hover\" role=\"tablist\"><li id=\"tab-vizyon\" class=\"tab active has-icon\" role=\"presentation\"><a href=\"#tab_vizyon\" role=\"tab\" aria-selected=\"true\" aria-controls=\"tab_vizyon\"><span>vizyon<\/span><\/a><\/li>\n<li id=\"tab-misyon\" class=\"tab has-icon\" role=\"presentation\"><a href=\"#tab_misyon\" tabindex=\"-1\" role=\"tab\" aria-selected=\"false\" aria-controls=\"tab_misyon\"><span>misyon<\/span><\/a><\/li><\/ul><div class=\"tab-panels\"><div id=\"tab_vizyon\" class=\"panel active entry-content\" role=\"tabpanel\" aria-labelledby=\"tab-vizyon\">\n\n<div class=\"tabbed-content\">\n<div class=\"tab-panels\">\n<div id=\"tab_vizyon\" class=\"panel active entry-content\" role=\"tabpanel\" aria-labelledby=\"tab-vizyon\">\n<p>ERPA BAZA m\u00fc\u015fteri memnuniyetini, s\u00fcrekli geli\u015fmeyi, kaliteyi, ekip \u00e7al\u0131\u015fmas\u0131n\u0131, sosyal sorumlulu\u011fu, profesyonel y\u00f6netim anlay\u0131\u015f\u0131n\u0131, teknolojik geli\u015fmelere uygunlu\u011fu ve payla\u015f\u0131m\u0131 esas alan bir anlay\u0131\u015fla sekt\u00f6r\u00fcnde lider bir kurulu\u015f olmay\u0131 kendine \u201cV\u0130ZYON\u201d edinmi\u015ftir.<\/p>\n<\/div>\n<div id=\"tab_misyon\" class=\"panel entry-content\" role=\"tabpanel\" aria-labelledby=\"tab-misyon\">\n<p>\u00a0<\/p>\n<\/div>\n<\/div>\n<\/div>\n\n<\/div>\n<div id=\"tab_misyon\" class=\"panel entry-content\" role=\"tabpanel\" aria-labelledby=\"tab-misyon\">\n\n<div class=\"tabbed-content\">\n<div class=\"tab-panels\">\n<div id=\"tab_misyon\" class=\"panel entry-content active\" role=\"tabpanel\" aria-labelledby=\"tab-misyon\">\n<p>Ayr\u0131ca belirlemi\u015f oldu\u011fumuz bu vizyon \u00e7er\u00e7evesinde m\u00fc\u015fterilerimize, \u00e7al\u0131\u015fanlar\u0131m\u0131za, \u00fclkemize kaynak ve de\u011fer yaratan \u00f6rnek bir kurulu\u015f olmay\u0131 kendimize \u201cM\u0130SYON\u201d edindik.<\/p>\n<\/div>\n<\/div>\n<\/div>\n\n<\/div><\/div><\/div>\n\n\t\t<\/div>\n\t\t\t\t\t<\/div>\n\n\t\n\n<\/div>\n\n","protected":false},"excerpt":{"rendered":"","protected":false},"author":1,"featured_media":0,"parent":0,"menu_order":0,"comment_status":"closed","ping_status":"closed","template":"","meta":{"footnotes":""},"class_list":["post-13","page","type-page","status-publish","hentry"],"_links":{"self":[{"href":"https:\/\/erpabaza.com\/index.php?rest_route=\/wp\/v2\/pages\/13","targetHints":{"allow":["GET"]}}],"collection":[{"href":"https:\/\/erpabaza.com\/index.php?rest_route=\/wp\/v2\/pages"}],"about":[{"href":"https:\/\/erpabaza.com\/index.php?rest_route=\/wp\/v2\/types\/page"}],"author":[{"embeddable":true,"href":"https:\/\/erpabaza.com\/index.php?rest_route=\/wp\/v2\/users\/1"}],"replies":[{"embeddable":true,"href":"https:\/\/erpabaza.com\/index.php?rest_route=%2Fwp%2Fv2%2Fcomments&post=13"}],"version-history":[{"count":3,"href":"https:\/\/erpabaza.com\/index.php?rest_route=\/wp\/v2\/pages\/13\/revisions"}],"predecessor-version":[{"id":426,"href":"https:\/\/erpabaza.com\/index.php?rest_route=\/wp\/v2\/pages\/13\/revisions\/426"}],"wp:attachment":[{"href":"https:\/\/erpabaza.com\/index.php?rest_route=%2Fwp%2Fv2%2Fmedia&parent=13"}],"curies":[{"name":"wp","href":"https:\/\/api.w.org\/{rel}","templated":true}]}}