{"id":10,"date":"2025-05-10T14:13:33","date_gmt":"2025-05-10T14:13:33","guid":{"rendered":"https:\/\/erpabaza.com\/?page_id=10"},"modified":"2025-09-03T12:32:00","modified_gmt":"2025-09-03T12:32:00","slug":"anasayfa","status":"publish","type":"page","link":"https:\/\/erpabaza.com\/","title":{"rendered":"Anasayfa"},"content":{"rendered":"\n<div class=\"slider-wrapper relative\" id=\"slider-419341434\" >\n    <div class=\"slider slider-nav-circle slider-nav-large slider-nav-light slider-style-normal\"\n        data-flickity-options='{\n            \"cellAlign\": \"center\",\n            \"imagesLoaded\": true,\n            \"lazyLoad\": 1,\n            \"freeScroll\": false,\n            \"wrapAround\": true,\n            \"autoPlay\": 6000,\n            \"pauseAutoPlayOnHover\" : true,\n            \"prevNextButtons\": true,\n            \"contain\" : true,\n            \"adaptiveHeight\" : true,\n            \"dragThreshold\" : 10,\n            \"percentPosition\": true,\n            \"pageDots\": true,\n            \"rightToLeft\": false,\n            \"draggable\": true,\n            \"selectedAttraction\": 0.1,\n            \"parallax\" : 0,\n            \"friction\": 0.6        }'\n        >\n        \n\n\n  <div class=\"banner has-hover\" id=\"banner-1619825068\">\n          <div class=\"banner-inner fill\">\n        <div class=\"banner-bg fill\" >\n            <img loading=\"lazy\" decoding=\"async\" width=\"1920\" height=\"720\" src=\"https:\/\/erpabaza.com\/wp-content\/uploads\/2025\/05\/campaign-1.jpg\" class=\"bg attachment-original size-original\" alt=\"\" \/>                                    \n                    <\/div>\n\t\t\n        <div class=\"banner-layers container\">\n            <div class=\"fill banner-link\"><\/div>            \n\n   <div id=\"text-box-286824336\" class=\"text-box banner-layer x50 md-x50 lg-x50 y50 md-y50 lg-y50 res-text\">\n                                <div class=\"text-box-content text dark\">\n              \n              <div class=\"text-inner text-center\">\n                  \n\n\n              <\/div>\n           <\/div>\n                            \n<style>\n#text-box-286824336 {\n  width: 60%;\n}\n#text-box-286824336 .text-box-content {\n  font-size: 100%;\n}\n@media (min-width:550px) {\n  #text-box-286824336 {\n    width: 60%;\n  }\n}\n<\/style>\n    <\/div>\n \n\n        <\/div>\n      <\/div>\n\n              <div class=\"height-fix is-invisible\"><img loading=\"lazy\" decoding=\"async\" width=\"1920\" height=\"720\" src=\"https:\/\/erpabaza.com\/wp-content\/uploads\/2025\/05\/campaign-1.jpg\" class=\"attachment-original size-original\" alt=\"\" srcset=\"https:\/\/erpabaza.com\/wp-content\/uploads\/2025\/05\/campaign-1.jpg 1920w, https:\/\/erpabaza.com\/wp-content\/uploads\/2025\/05\/campaign-1-600x225.jpg 600w, https:\/\/erpabaza.com\/wp-content\/uploads\/2025\/05\/campaign-1-300x113.jpg 300w, https:\/\/erpabaza.com\/wp-content\/uploads\/2025\/05\/campaign-1-1024x384.jpg 1024w, https:\/\/erpabaza.com\/wp-content\/uploads\/2025\/05\/campaign-1-768x288.jpg 768w, https:\/\/erpabaza.com\/wp-content\/uploads\/2025\/05\/campaign-1-1536x576.jpg 1536w\" sizes=\"auto, (max-width: 1920px) 100vw, 1920px\" \/><\/div>\n            \n<style>\n#banner-1619825068 .banner-bg img {\n  object-position: 62% 60%;\n}\n<\/style>\n  <\/div>\n\n\n\n     <\/div>\n\n     <div class=\"loading-spin dark large centered\"><\/div>\n\n\t<\/div>\n\n\n\n\t<section class=\"section\" id=\"section_763263421\">\n\t\t<div class=\"section-bg fill\" >\n\t\t\t\t\t\t\t\t\t\n\t\t\t\n\n\t\t<\/div>\n\n\t\t\n\n\t\t<div class=\"section-content relative\">\n\t\t\t\n\n  <div id=\"page-header-1298681471\" class=\"page-header-wrapper\">\n  <div class=\"page-title light normal-title\">\n\n    \n    <div class=\"page-title-inner container align-center text-center flex-row-col medium-flex-wrap\" >\n              <div class=\"title-wrapper is-large flex-col\">\n          <h1 class=\"entry-title mb-0\">\n            Neden Erpa Baza          <\/h1>\n        <\/div>\n                <div class=\"page-title-sub op-7 flex-col\">\n          <p class=\"lead\">Se\u00e7kin \u00fcr\u00fcn ve e\u015fsiz hizmetlerimiz ile sizleri misafirli\u011fe bekliyoruz.<\/p>\n        <\/div>\n                    <div class=\"title-content flex-col\">\n        <div class=\"title-breadcrumbs pb-half pt-half\"><nav class=\"woocommerce-breadcrumb breadcrumbs uppercase\">Ana Sayfa<\/nav><\/div>      <\/div>\n    <\/div>\n\n       <\/div>\n    <\/div>\n  \n\n<div class=\"row row-large row-full-width align-center\"  id=\"row-778426227\">\n\n\n\t<div id=\"col-1498687963\" class=\"col medium-3 large-3\"  >\n\t\t\t\t<div class=\"col-inner\"  >\n\t\t\t\n\t\t\t\n\n\n\t\t<div class=\"icon-box featured-box icon-box-center text-center\"  style=\"margin:0px 0px 0px 0px;\">\n\t\t\t\t\t<div class=\"icon-box-img\" style=\"width: 60px\">\n\t\t\t\t<div class=\"icon\">\n\t\t\t\t\t<div class=\"icon-inner\" >\n\t\t\t\t\t\t<img loading=\"lazy\" decoding=\"async\" width=\"300\" height=\"300\" src=\"https:\/\/erpabaza.com\/wp-content\/uploads\/2025\/05\/fast-delivery-300x300.png\" class=\"attachment-medium size-medium\" alt=\"\" srcset=\"https:\/\/erpabaza.com\/wp-content\/uploads\/2025\/05\/fast-delivery-300x300.png 300w, https:\/\/erpabaza.com\/wp-content\/uploads\/2025\/05\/fast-delivery-100x100.png 100w, https:\/\/erpabaza.com\/wp-content\/uploads\/2025\/05\/fast-delivery-150x150.png 150w, https:\/\/erpabaza.com\/wp-content\/uploads\/2025\/05\/fast-delivery.png 512w\" sizes=\"auto, (max-width: 300px) 100vw, 300px\" \/>\t\t\t\t\t<\/div>\n\t\t\t\t<\/div>\n\t\t\t<\/div>\n\t\t\t\t<div class=\"icon-box-text last-reset\">\n\t\t\t<h5 class=\"uppercase\">\u00dccretsiz Teslim ve Montaj<\/h5>\t\t\t\t\t\t\n\n<p>Ma\u011fazam\u0131zdan sat\u0131n ald\u0131\u011f\u0131n\u0131z \u00fcr\u00fcnleri \u0130stanbul i\u00e7indeki lokasyonunuza \u00fccretsiz olarak teslim ediyor ve kurulumunu ger\u00e7ekle\u015ftiriyoruz.<\/p>\n\n\t\t<\/div>\n\t<\/div>\n\t\n\t\n\n\t\t<\/div>\n\t\t\t\t\t<\/div>\n\n\t\n\n\t<div id=\"col-667483666\" class=\"col medium-3 large-3\"  >\n\t\t\t\t<div class=\"col-inner\"  >\n\t\t\t\n\t\t\t\n\n\n\t\t<div class=\"icon-box featured-box icon-box-center text-center\"  style=\"margin:0px 0px 0px 0px;\">\n\t\t\t\t\t<div class=\"icon-box-img\" style=\"width: 60px\">\n\t\t\t\t<div class=\"icon\">\n\t\t\t\t\t<div class=\"icon-inner\" >\n\t\t\t\t\t\t<img loading=\"lazy\" decoding=\"async\" width=\"300\" height=\"300\" src=\"https:\/\/erpabaza.com\/wp-content\/uploads\/2025\/05\/credit-card-300x300.png\" class=\"attachment-medium size-medium\" alt=\"\" srcset=\"https:\/\/erpabaza.com\/wp-content\/uploads\/2025\/05\/credit-card-300x300.png 300w, https:\/\/erpabaza.com\/wp-content\/uploads\/2025\/05\/credit-card-100x100.png 100w, https:\/\/erpabaza.com\/wp-content\/uploads\/2025\/05\/credit-card-150x150.png 150w, https:\/\/erpabaza.com\/wp-content\/uploads\/2025\/05\/credit-card.png 512w\" sizes=\"auto, (max-width: 300px) 100vw, 300px\" \/>\t\t\t\t\t<\/div>\n\t\t\t\t<\/div>\n\t\t\t<\/div>\n\t\t\t\t<div class=\"icon-box-text last-reset\">\n\t\t\t<h5 class=\"uppercase\">Kredi Kart\u0131na Taksit<\/h5>\t\t\t\t\t\t\n\n<p>Esnek \u00f6deme se\u00e7eneklerimiz ile hi\u00e7bir \u00f6n \u00f6deme ve pe\u015finat \u015fart\u0131 aramadan; al\u0131\u015fveri\u015f tutar\u0131n\u0131n tamam\u0131n\u0131 anla\u015fmal\u0131 kredi kartlar\u0131na 10 ay\u2019a varan vadeler ile \u00f6deyebilirsiniz.<\/p>\n\n\t\t<\/div>\n\t<\/div>\n\t\n\t\n\n\t\t<\/div>\n\t\t\t\t\t<\/div>\n\n\t\n\n\t<div id=\"col-921898067\" class=\"col medium-3 large-3\"  >\n\t\t\t\t<div class=\"col-inner\"  >\n\t\t\t\n\t\t\t\n\n\n\t\t<div class=\"icon-box featured-box icon-box-center text-center\"  style=\"margin:0px 0px 0px 0px;\">\n\t\t\t\t\t<div class=\"icon-box-img\" style=\"width: 60px\">\n\t\t\t\t<div class=\"icon\">\n\t\t\t\t\t<div class=\"icon-inner\" >\n\t\t\t\t\t\t<img loading=\"lazy\" decoding=\"async\" width=\"300\" height=\"300\" src=\"https:\/\/erpabaza.com\/wp-content\/uploads\/2025\/05\/tool-300x300.png\" class=\"attachment-medium size-medium\" alt=\"\" srcset=\"https:\/\/erpabaza.com\/wp-content\/uploads\/2025\/05\/tool-300x300.png 300w, https:\/\/erpabaza.com\/wp-content\/uploads\/2025\/05\/tool-100x100.png 100w, https:\/\/erpabaza.com\/wp-content\/uploads\/2025\/05\/tool-150x150.png 150w, https:\/\/erpabaza.com\/wp-content\/uploads\/2025\/05\/tool.png 512w\" sizes=\"auto, (max-width: 300px) 100vw, 300px\" \/>\t\t\t\t\t<\/div>\n\t\t\t\t<\/div>\n\t\t\t<\/div>\n\t\t\t\t<div class=\"icon-box-text last-reset\">\n\t\t\t<h5 class=\"uppercase\">T\u00fcm \u00dcr\u00fcnlerde 2 Y\u0131l Garanti<\/h5>\t\t\t\t\t\t\n\n<p>Ma\u011fazam\u0131zdan sat\u0131n alm\u0131\u015f oldu\u011funuz t\u00fcm \u00fcr\u00fcnler i\u00e7in ge\u00e7erli olmak \u00fczere, sat\u0131n alm\u0131\u015f oldu\u011funuz \u00fcr\u00fcnler 2 y\u0131l garantimiz kapsam\u0131ndad\u0131r.<\/p>\n\n\t\t<\/div>\n\t<\/div>\n\t\n\t\n\n\t\t<\/div>\n\t\t\t\t\t<\/div>\n\n\t\n\n\t<div id=\"col-878230126\" class=\"col medium-3 large-3\"  >\n\t\t\t\t<div class=\"col-inner\"  >\n\t\t\t\n\t\t\t\n\n\n\t\t<div class=\"icon-box featured-box icon-box-center text-center\"  style=\"margin:0px 0px 0px 0px;\">\n\t\t\t\t\t<div class=\"icon-box-img\" style=\"width: 60px\">\n\t\t\t\t<div class=\"icon\">\n\t\t\t\t\t<div class=\"icon-inner\" >\n\t\t\t\t\t\t<img loading=\"lazy\" decoding=\"async\" width=\"300\" height=\"300\" src=\"https:\/\/erpabaza.com\/wp-content\/uploads\/2025\/05\/recycling-symbol-300x300.png\" class=\"attachment-medium size-medium\" alt=\"\" srcset=\"https:\/\/erpabaza.com\/wp-content\/uploads\/2025\/05\/recycling-symbol-300x300.png 300w, https:\/\/erpabaza.com\/wp-content\/uploads\/2025\/05\/recycling-symbol-100x100.png 100w, https:\/\/erpabaza.com\/wp-content\/uploads\/2025\/05\/recycling-symbol-150x150.png 150w, https:\/\/erpabaza.com\/wp-content\/uploads\/2025\/05\/recycling-symbol.png 512w\" sizes=\"auto, (max-width: 300px) 100vw, 300px\" \/>\t\t\t\t\t<\/div>\n\t\t\t\t<\/div>\n\t\t\t<\/div>\n\t\t\t\t<div class=\"icon-box-text last-reset\">\n\t\t\t<h5 class=\"uppercase\">5 Y\u0131l Par\u00e7a Garantisi<\/h5>\t\t\t\t\t\t\n\n<p>Garanti kapsam\u0131 d\u0131\u015f\u0131nda kalan ar\u0131za ve problemler de dahil olmak \u00fczere \u00fcr\u00fcnlerimizde kulland\u0131\u011f\u0131m\u0131z her par\u00e7a i\u00e7in 5 y\u0131l temin garantimiz bulunmaktad\u0131r.<\/p>\n\n\t\t<\/div>\n\t<\/div>\n\t\n\t\n\n\t\t<\/div>\n\t\t\t\t\t<\/div>\n\n\t\n\n\n<style>\n#row-778426227 > .col > .col-inner {\n  padding: 29px 0px 0px 0px;\n}\n<\/style>\n<\/div>\n\n\t\t<\/div>\n\n\t\t\n<style>\n#section_763263421 {\n  padding-top: 51px;\n  padding-bottom: 51px;\n  background-color: rgb(255, 255, 255);\n}\n<\/style>\n\t<\/section>\n\t\n\n\t<section class=\"section\" id=\"section_1333129666\">\n\t\t<div class=\"section-bg fill\" >\n\t\t\t\t\t\t\t\t\t\n\t\t\t\n\n\t\t<\/div>\n\n\t\t\n\n\t\t<div class=\"section-content relative\">\n\t\t\t\n\n<div class=\"row row-collapse row-full-width\"  id=\"row-975311753\">\n\n\n\t<div id=\"col-1876557486\" class=\"col medium-4 large-4\"  >\n\t\t\t\t<div class=\"col-inner\"  >\n\t\t\t\n\t\t\t\n\n\t<div class=\"box has-hover   has-hover box-text-bottom\" >\n\n\t\t<div class=\"box-image\" >\n\t\t\t\t\t\t<div class=\"\" >\n\t\t\t\t<img loading=\"lazy\" decoding=\"async\" width=\"1152\" height=\"768\" src=\"https:\/\/erpabaza.com\/wp-content\/uploads\/2025\/05\/MG_4015.jpg\" class=\"attachment- size-\" alt=\"\" srcset=\"https:\/\/erpabaza.com\/wp-content\/uploads\/2025\/05\/MG_4015.jpg 1152w, https:\/\/erpabaza.com\/wp-content\/uploads\/2025\/05\/MG_4015-600x400.jpg 600w, https:\/\/erpabaza.com\/wp-content\/uploads\/2025\/05\/MG_4015-300x200.jpg 300w, https:\/\/erpabaza.com\/wp-content\/uploads\/2025\/05\/MG_4015-1024x683.jpg 1024w, https:\/\/erpabaza.com\/wp-content\/uploads\/2025\/05\/MG_4015-768x512.jpg 768w\" sizes=\"auto, (max-width: 1152px) 100vw, 1152px\" \/>\t\t\t\t\t\t\t\t\t\t\t<\/div>\n\t\t\t\t\t<\/div>\n\n\t\t<div class=\"box-text text-center\" >\n\t\t\t<div class=\"box-text-inner\">\n\t\t\t\t\n\n<h4>Menek\u015fe Baza<\/h4>\n\n\t\t\t<\/div>\n\t\t<\/div>\n\t<\/div>\n\t\n\n\t\t<\/div>\n\t\t\t\t\t<\/div>\n\n\t\n\n\t<div id=\"col-604227293\" class=\"col medium-4 large-4\"  >\n\t\t\t\t<div class=\"col-inner\"  >\n\t\t\t\n\t\t\t\n\n\t<div class=\"box has-hover   has-hover box-text-bottom\" >\n\n\t\t<div class=\"box-image\" >\n\t\t\t\t\t\t<div class=\"\" >\n\t\t\t\t<img loading=\"lazy\" decoding=\"async\" width=\"1152\" height=\"768\" src=\"https:\/\/erpabaza.com\/wp-content\/uploads\/2025\/05\/MG_4161.jpg\" class=\"attachment- size-\" alt=\"\" srcset=\"https:\/\/erpabaza.com\/wp-content\/uploads\/2025\/05\/MG_4161.jpg 1152w, https:\/\/erpabaza.com\/wp-content\/uploads\/2025\/05\/MG_4161-600x400.jpg 600w, https:\/\/erpabaza.com\/wp-content\/uploads\/2025\/05\/MG_4161-300x200.jpg 300w, https:\/\/erpabaza.com\/wp-content\/uploads\/2025\/05\/MG_4161-1024x683.jpg 1024w, https:\/\/erpabaza.com\/wp-content\/uploads\/2025\/05\/MG_4161-768x512.jpg 768w\" sizes=\"auto, (max-width: 1152px) 100vw, 1152px\" \/>\t\t\t\t\t\t\t\t\t\t\t<\/div>\n\t\t\t\t\t<\/div>\n\n\t\t<div class=\"box-text text-center\" >\n\t\t\t<div class=\"box-text-inner\">\n\t\t\t\t\n\n<h4>J\u00fcpiter Baza<\/h4>\n\n\t\t\t<\/div>\n\t\t<\/div>\n\t<\/div>\n\t\n\n\t\t<\/div>\n\t\t\t\t\t<\/div>\n\n\t\n\n\t<div id=\"col-1092172576\" class=\"col medium-4 large-4\"  >\n\t\t\t\t<div class=\"col-inner\"  >\n\t\t\t\n\t\t\t\n\n\t<div class=\"box has-hover   has-hover box-text-bottom\" >\n\n\t\t<div class=\"box-image\" >\n\t\t\t\t\t\t<div class=\"\" >\n\t\t\t\t<img loading=\"lazy\" decoding=\"async\" width=\"1152\" height=\"768\" src=\"https:\/\/erpabaza.com\/wp-content\/uploads\/2025\/05\/MG_4317.jpg\" class=\"attachment- size-\" alt=\"\" srcset=\"https:\/\/erpabaza.com\/wp-content\/uploads\/2025\/05\/MG_4317.jpg 1152w, https:\/\/erpabaza.com\/wp-content\/uploads\/2025\/05\/MG_4317-600x400.jpg 600w, https:\/\/erpabaza.com\/wp-content\/uploads\/2025\/05\/MG_4317-300x200.jpg 300w, https:\/\/erpabaza.com\/wp-content\/uploads\/2025\/05\/MG_4317-1024x683.jpg 1024w, https:\/\/erpabaza.com\/wp-content\/uploads\/2025\/05\/MG_4317-768x512.jpg 768w\" sizes=\"auto, (max-width: 1152px) 100vw, 1152px\" \/>\t\t\t\t\t\t\t\t\t\t\t<\/div>\n\t\t\t\t\t<\/div>\n\n\t\t<div class=\"box-text text-center\" >\n\t\t\t<div class=\"box-text-inner\">\n\t\t\t\t\n\n<h4>Nept\u00fcn Baza<\/h4>\n\n\t\t\t<\/div>\n\t\t<\/div>\n\t<\/div>\n\t\n\n\t\t<\/div>\n\t\t\t\t\t<\/div>\n\n\t\n\n<\/div>\n<div class=\"row row-collapse row-full-width\"  id=\"row-1310900823\">\n\n\n\t<div id=\"col-963670409\" class=\"col medium-4 large-4\"  >\n\t\t\t\t<div class=\"col-inner\"  >\n\t\t\t\n\t\t\t\n\n\t<div class=\"box has-hover   has-hover box-text-bottom\" >\n\n\t\t<div class=\"box-image\" >\n\t\t\t\t\t\t<div class=\"\" >\n\t\t\t\t<img loading=\"lazy\" decoding=\"async\" width=\"1152\" height=\"768\" src=\"https:\/\/erpabaza.com\/wp-content\/uploads\/2025\/05\/MG_4340.jpg\" class=\"attachment- size-\" alt=\"\" srcset=\"https:\/\/erpabaza.com\/wp-content\/uploads\/2025\/05\/MG_4340.jpg 1152w, https:\/\/erpabaza.com\/wp-content\/uploads\/2025\/05\/MG_4340-600x400.jpg 600w, https:\/\/erpabaza.com\/wp-content\/uploads\/2025\/05\/MG_4340-300x200.jpg 300w, https:\/\/erpabaza.com\/wp-content\/uploads\/2025\/05\/MG_4340-1024x683.jpg 1024w, https:\/\/erpabaza.com\/wp-content\/uploads\/2025\/05\/MG_4340-768x512.jpg 768w\" sizes=\"auto, (max-width: 1152px) 100vw, 1152px\" \/>\t\t\t\t\t\t\t\t\t\t\t<\/div>\n\t\t\t\t\t<\/div>\n\n\t\t<div class=\"box-text text-center\" >\n\t\t\t<div class=\"box-text-inner\">\n\t\t\t\t\n\n<h4>Plain Kelebek Baza<\/h4>\n\n\t\t\t<\/div>\n\t\t<\/div>\n\t<\/div>\n\t\n\n\t\t<\/div>\n\t\t\t\t\t<\/div>\n\n\t\n\n\t<div id=\"col-3384137\" class=\"col medium-4 large-4\"  >\n\t\t\t\t<div class=\"col-inner\"  >\n\t\t\t\n\t\t\t\n\n\t<div class=\"box has-hover   has-hover box-text-bottom\" >\n\n\t\t<div class=\"box-image\" >\n\t\t\t\t\t\t<div class=\"\" >\n\t\t\t\t<img loading=\"lazy\" decoding=\"async\" width=\"1152\" height=\"768\" src=\"https:\/\/erpabaza.com\/wp-content\/uploads\/2025\/05\/MG_4045.jpg\" class=\"attachment- size-\" alt=\"\" srcset=\"https:\/\/erpabaza.com\/wp-content\/uploads\/2025\/05\/MG_4045.jpg 1152w, https:\/\/erpabaza.com\/wp-content\/uploads\/2025\/05\/MG_4045-600x400.jpg 600w, https:\/\/erpabaza.com\/wp-content\/uploads\/2025\/05\/MG_4045-300x200.jpg 300w, https:\/\/erpabaza.com\/wp-content\/uploads\/2025\/05\/MG_4045-1024x683.jpg 1024w, https:\/\/erpabaza.com\/wp-content\/uploads\/2025\/05\/MG_4045-768x512.jpg 768w\" sizes=\"auto, (max-width: 1152px) 100vw, 1152px\" \/>\t\t\t\t\t\t\t\t\t\t\t<\/div>\n\t\t\t\t\t<\/div>\n\n\t\t<div class=\"box-text text-center\" >\n\t\t\t<div class=\"box-text-inner\">\n\t\t\t\t\n\n<h4>Fulya Baza<\/h4>\n\n\t\t\t<\/div>\n\t\t<\/div>\n\t<\/div>\n\t\n\n\t\t<\/div>\n\t\t\t\t\t<\/div>\n\n\t\n\n\t<div id=\"col-1722199174\" class=\"col medium-4 large-4\"  >\n\t\t\t\t<div class=\"col-inner\"  >\n\t\t\t\n\t\t\t\n\n\t<div class=\"box has-hover   has-hover box-text-bottom\" >\n\n\t\t<div class=\"box-image\" >\n\t\t\t\t\t\t<div class=\"\" >\n\t\t\t\t<img loading=\"lazy\" decoding=\"async\" width=\"750\" height=\"500\" src=\"https:\/\/erpabaza.com\/wp-content\/uploads\/2025\/05\/puf.jpg\" class=\"attachment- size-\" alt=\"\" srcset=\"https:\/\/erpabaza.com\/wp-content\/uploads\/2025\/05\/puf.jpg 750w, https:\/\/erpabaza.com\/wp-content\/uploads\/2025\/05\/puf-600x400.jpg 600w, https:\/\/erpabaza.com\/wp-content\/uploads\/2025\/05\/puf-300x200.jpg 300w\" sizes=\"auto, (max-width: 750px) 100vw, 750px\" \/>\t\t\t\t\t\t\t\t\t\t\t<\/div>\n\t\t\t\t\t<\/div>\n\n\t\t<div class=\"box-text text-center\" >\n\t\t\t<div class=\"box-text-inner\">\n\t\t\t\t\n\n<h4>Bej Puf<\/h4>\n\n\t\t\t<\/div>\n\t\t<\/div>\n\t<\/div>\n\t\n\n\t\t<\/div>\n\t\t\t\t\t<\/div>\n\n\t\n\n<\/div>\n<div class=\"row row-collapse row-full-width\"  id=\"row-1145922447\">\n\n\n\t<div id=\"col-1300482535\" class=\"col medium-4 large-4\"  >\n\t\t\t\t<div class=\"col-inner\"  >\n\t\t\t\n\t\t\t\n\n\t<div class=\"box has-hover   has-hover box-text-bottom\" >\n\n\t\t<div class=\"box-image\" >\n\t\t\t\t\t\t<div class=\"\" >\n\t\t\t\t<img loading=\"lazy\" decoding=\"async\" width=\"1152\" height=\"768\" src=\"https:\/\/erpabaza.com\/wp-content\/uploads\/2025\/05\/yuvarlak2.jpg\" class=\"attachment- size-\" alt=\"\" srcset=\"https:\/\/erpabaza.com\/wp-content\/uploads\/2025\/05\/yuvarlak2.jpg 1152w, https:\/\/erpabaza.com\/wp-content\/uploads\/2025\/05\/yuvarlak2-600x400.jpg 600w, https:\/\/erpabaza.com\/wp-content\/uploads\/2025\/05\/yuvarlak2-300x200.jpg 300w, https:\/\/erpabaza.com\/wp-content\/uploads\/2025\/05\/yuvarlak2-1024x683.jpg 1024w, https:\/\/erpabaza.com\/wp-content\/uploads\/2025\/05\/yuvarlak2-768x512.jpg 768w\" sizes=\"auto, (max-width: 1152px) 100vw, 1152px\" \/>\t\t\t\t\t\t\t\t\t\t\t<\/div>\n\t\t\t\t\t<\/div>\n\n\t\t<div class=\"box-text text-center\" >\n\t\t\t<div class=\"box-text-inner\">\n\t\t\t\t\n\n<h4>Anka Baza<\/h4>\n\n\t\t\t<\/div>\n\t\t<\/div>\n\t<\/div>\n\t\n\n\t\t<\/div>\n\t\t\t\t\t<\/div>\n\n\t\n\n\t<div id=\"col-1610613917\" class=\"col medium-4 large-4\"  >\n\t\t\t\t<div class=\"col-inner\"  >\n\t\t\t\n\t\t\t\n\n\t<div class=\"box has-hover   has-hover box-text-bottom\" >\n\n\t\t<div class=\"box-image\" >\n\t\t\t\t\t\t<div class=\"\" >\n\t\t\t\t<img loading=\"lazy\" decoding=\"async\" width=\"1152\" height=\"672\" src=\"https:\/\/erpabaza.com\/wp-content\/uploads\/2025\/05\/katlanir-somya.jpg\" class=\"attachment- size-\" alt=\"\" srcset=\"https:\/\/erpabaza.com\/wp-content\/uploads\/2025\/05\/katlanir-somya.jpg 1152w, https:\/\/erpabaza.com\/wp-content\/uploads\/2025\/05\/katlanir-somya-600x350.jpg 600w, https:\/\/erpabaza.com\/wp-content\/uploads\/2025\/05\/katlanir-somya-300x175.jpg 300w, https:\/\/erpabaza.com\/wp-content\/uploads\/2025\/05\/katlanir-somya-1024x597.jpg 1024w, https:\/\/erpabaza.com\/wp-content\/uploads\/2025\/05\/katlanir-somya-768x448.jpg 768w\" sizes=\"auto, (max-width: 1152px) 100vw, 1152px\" \/>\t\t\t\t\t\t\t\t\t\t\t<\/div>\n\t\t\t\t\t<\/div>\n\n\t\t<div class=\"box-text text-center\" >\n\t\t\t<div class=\"box-text-inner\">\n\t\t\t\t\n\n<h4>Katlan\u0131r Somya<\/h4>\n\n\t\t\t<\/div>\n\t\t<\/div>\n\t<\/div>\n\t\n\n\t\t<\/div>\n\t\t\t\t\t<\/div>\n\n\t\n\n\t<div id=\"col-1324144687\" class=\"col medium-4 large-4\"  >\n\t\t\t\t<div class=\"col-inner\"  >\n\t\t\t\n\t\t\t\n\n\t<div class=\"box has-hover   has-hover box-text-bottom\" >\n\n\t\t<div class=\"box-image\" >\n\t\t\t\t\t\t<div class=\"\" >\n\t\t\t\t<img loading=\"lazy\" decoding=\"async\" width=\"1152\" height=\"672\" src=\"https:\/\/erpabaza.com\/wp-content\/uploads\/2025\/05\/lux-ranza.jpg\" class=\"attachment- size-\" alt=\"\" srcset=\"https:\/\/erpabaza.com\/wp-content\/uploads\/2025\/05\/lux-ranza.jpg 1152w, https:\/\/erpabaza.com\/wp-content\/uploads\/2025\/05\/lux-ranza-600x350.jpg 600w, https:\/\/erpabaza.com\/wp-content\/uploads\/2025\/05\/lux-ranza-300x175.jpg 300w, https:\/\/erpabaza.com\/wp-content\/uploads\/2025\/05\/lux-ranza-1024x597.jpg 1024w, https:\/\/erpabaza.com\/wp-content\/uploads\/2025\/05\/lux-ranza-768x448.jpg 768w\" sizes=\"auto, (max-width: 1152px) 100vw, 1152px\" \/>\t\t\t\t\t\t\t\t\t\t\t<\/div>\n\t\t\t\t\t<\/div>\n\n\t\t<div class=\"box-text text-center\" >\n\t\t\t<div class=\"box-text-inner\">\n\t\t\t\t\n\n<h4>Lux Ranza<\/h4>\n\n\t\t\t<\/div>\n\t\t<\/div>\n\t<\/div>\n\t\n\n\t\t<\/div>\n\t\t\t\t\t<\/div>\n\n\t\n\n<\/div>\n\n\t\t<\/div>\n\n\t\t\n<style>\n#section_1333129666 {\n  padding-top: 30px;\n  padding-bottom: 30px;\n}\n<\/style>\n\t<\/section>\n\t\n\n\t<section class=\"section\" id=\"section_1204974026\">\n\t\t<div class=\"section-bg fill\" >\n\t\t\t\t\t\t\t\t\t<div class=\"section-bg-overlay absolute fill\"><\/div>\n\t\t\t\n\t<div class=\"is-border\"\n\t\tstyle=\"border-width:1px 0px 1px 0px;\">\n\t<\/div>\n\n\t\t<\/div>\n\n\t\t\n\n\t\t<div class=\"section-content relative\">\n\t\t\t\n\n<div class=\"row row-large row-full-width align-middle\"  id=\"row-1186276111\">\n\n\n\t<div id=\"col-806902686\" class=\"col medium-5 small-12 large-5\"  >\n\t\t\t\t<div class=\"col-inner\"  >\n\t\t\t\n\t\t\t\n\n\t<div class=\"img has-hover x md-x lg-x y md-y lg-y\" id=\"image_977443722\">\n\t\t\t\t\t\t\t\t<div class=\"img-inner box-shadow-2 dark\" >\n\t\t\t<img loading=\"lazy\" decoding=\"async\" width=\"547\" height=\"511\" src=\"https:\/\/erpabaza.com\/wp-content\/uploads\/2025\/05\/baza-yatak-ozellikleri.png\" class=\"attachment-large size-large\" alt=\"\" srcset=\"https:\/\/erpabaza.com\/wp-content\/uploads\/2025\/05\/baza-yatak-ozellikleri.png 547w, https:\/\/erpabaza.com\/wp-content\/uploads\/2025\/05\/baza-yatak-ozellikleri-300x280.png 300w\" sizes=\"auto, (max-width: 547px) 100vw, 547px\" \/>\t\t\t\t\t\t\n\t\t\t\t\t<\/div>\n\t\t\t\t\t\t\t\t\n<style>\n#image_977443722 {\n  width: 100%;\n}\n<\/style>\n\t<\/div>\n\t\n\n\n\t\t<\/div>\n\t\t\t\t\t<\/div>\n\n\t\n\n\t<div id=\"col-1165351963\" class=\"col medium-7 small-12 large-7\"  >\n\t\t\t\t<div class=\"col-inner text-left\"  >\n\t\t\t\n\t\t\t\n\n<h2><strong>Baza<\/strong>\u00a0&amp;\u00a0<strong>Yatak<\/strong>\u00a0\u00d6zellikleri<\/h2>\n<p>ErpaBaza\u2019da standart olarak sunulan ba\u015fl\u0131ca \u00f6zellikler a\u015fa\u011f\u0131daki gibidir. Solid baza modelimizin etraf\u0131 kuma\u015f kaplamal\u0131 olup iste\u011fe ba\u011fl\u0131 olarak deri kaplama se\u00e7ene\u011fimizde mevcuttur. Profil \u00e7er\u00e7evesi i\u00e7inde mukavva veya iste\u011fe ba\u011fl\u0131 olaraktan duralit ile \u00e7er\u00e7evelenmi\u015ftir.<\/p>\n<div class=\"row row-collapse row-full-width\"  id=\"row-918746913\">\n\n\n\t<div id=\"col-201781804\" class=\"col medium-6 large-6\"  >\n\t\t\t\t<div class=\"col-inner\"  >\n\t\t\t\n\t\t\t\n\n<p>\u00dcst kapaklar amortis\u00f6rl\u00fc makasl\u0131d\u0131r.<\/p>\n<p><i class=\"fa fa-chevron-circle-right\"><\/i>Emniyet i\u00e7in amortis\u00f6r kilitleri mevcuttur.<\/p>\n<p><i class=\"fa fa-chevron-circle-right\"><\/i>\u00dcst kapaklar\u0131 1,20mm 20\/30 \u00e7elik profildir.<\/p>\n<p><i class=\"fa fa-chevron-circle-right\"><\/i>\u00dcst kapaklar 8 mm \u00e7ift y\u00fczl\u00fc suntalemdir.<\/p>\n<p><i class=\"fa fa-chevron-circle-right\"><\/i>Baza i\u00e7 karkaslar\u0131 0,90 mm 20\/20 \u00e7elik profildir.<\/p>\n\n\t\t<\/div>\n\t\t\t\t\t<\/div>\n\n\t\n\n\t<div id=\"col-1819850869\" class=\"col medium-6 large-6\"  >\n\t\t\t\t<div class=\"col-inner\"  >\n\t\t\t\n\t\t\t\n\n<p>\u00d6zel kuma\u015f dokusu sayesinde terlemeyi \u00f6nler.<\/p>\n<p><i class=\"fa fa-chevron-circle-right\"><\/i>\u0130ki farkl\u0131 vuc\u00fct yap\u0131s\u0131 i\u00e7in \u00f6zel \u00fcretim.<\/p>\n<p><i class=\"fa fa-chevron-circle-right\"><\/i>Rahatlat\u0131c\u0131 ve dinlendirici uyku imkan\u0131.<\/p>\n<p><i class=\"fa fa-chevron-circle-right\"><\/i>Yazl\u0131k ve K\u0131\u015fl\u0131k 2 farkl\u0131 y\u00fcz kullanma imkan\u0131.<\/p>\n<p><i class=\"fa fa-chevron-circle-right\"><\/i>Hava kanallar\u0131 ile nem ve rutubeti engelleme.<\/p>\n\n\t\t<\/div>\n\t\t\t\t\t<\/div>\n\n\t\n\n<\/div>\n\n\t\t<\/div>\n\t\t\t\t\t<\/div>\n\n\t\n\n<\/div>\n\n\t\t<\/div>\n\n\t\t\n<style>\n#section_1204974026 {\n  padding-top: 60px;\n  padding-bottom: 60px;\n  background-color: rgb(193, 193, 193);\n}\n#section_1204974026 .section-bg-overlay {\n  background-color: rgba(255, 255, 255, 0.85);\n}\n<\/style>\n\t<\/section>\n\t\n\n","protected":false},"excerpt":{"rendered":"","protected":false},"author":1,"featured_media":0,"parent":0,"menu_order":0,"comment_status":"closed","ping_status":"closed","template":"page-blank.php","meta":{"footnotes":""},"class_list":["post-10","page","type-page","status-publish","hentry"],"_links":{"self":[{"href":"https:\/\/erpabaza.com\/index.php?rest_route=\/wp\/v2\/pages\/10","targetHints":{"allow":["GET"]}}],"collection":[{"href":"https:\/\/erpabaza.com\/index.php?rest_route=\/wp\/v2\/pages"}],"about":[{"href":"https:\/\/erpabaza.com\/index.php?rest_route=\/wp\/v2\/types\/page"}],"author":[{"embeddable":true,"href":"https:\/\/erpabaza.com\/index.php?rest_route=\/wp\/v2\/users\/1"}],"replies":[{"embeddable":true,"href":"https:\/\/erpabaza.com\/index.php?rest_route=%2Fwp%2Fv2%2Fcomments&post=10"}],"version-history":[{"count":18,"href":"https:\/\/erpabaza.com\/index.php?rest_route=\/wp\/v2\/pages\/10\/revisions"}],"predecessor-version":[{"id":517,"href":"https:\/\/erpabaza.com\/index.php?rest_route=\/wp\/v2\/pages\/10\/revisions\/517"}],"wp:attachment":[{"href":"https:\/\/erpabaza.com\/index.php?rest_route=%2Fwp%2Fv2%2Fmedia&parent=10"}],"curies":[{"name":"wp","href":"https:\/\/api.w.org\/{rel}","templated":true}]}}